{"id":13,"date":"2018-12-14T14:21:22","date_gmt":"2018-12-14T13:21:22","guid":{"rendered":"http:\/\/www.marmotte-wanderreisen.de\/Murmel5\/?page_id=13"},"modified":"2018-12-29T17:21:10","modified_gmt":"2018-12-29T16:21:10","slug":"weitere-angebote","status":"publish","type":"page","link":"https:\/\/www.marmotte-wanderreisen.de\/Murmel5\/index.php\/weitere-angebote\/","title":{"rendered":"Weitere Angebote"},"content":{"rendered":"<div style=\"width: 80%;\">\n<p>&nbsp;<\/p>\n<p>&nbsp;<\/p>\n<p><span style=\"font-family: calibri, times new roman, times, serif; font-size: 13pt;\">Zus\u00e4tzlich zu meinen angebotenen Frauenwanderungen<img loading=\"lazy\" class=\"alignleft\" style=\"width: 229px; height: 172px; float: right; margin-left: 0px; margin-right: 0px;\" src=\"\/userfiles\/image\/Monti%20100_4673.JPG\" alt=\"\" width=\"250\" height=\"188\" \/><\/span><br \/>\n<span style=\"font-family: times new roman, times, serif; font-size: 12pt;\">biete ich f\u00fcr gemischte Gruppen und nat\u00fcrlich auch<\/span><br \/>\n<span style=\"font-family: times new roman, times, serif; font-size: 12pt;\">f\u00fcr bereits bestehende Frauengruppen auf Anfrage eine<\/span><br \/>\n<span style=\"font-family: times new roman, times, serif; font-size: 12pt;\">individuelle Tourenf\u00fchrung und Tourenplanung an.<\/span><\/p>\n<p><span style=\"font-family: times new roman, times, serif; font-size: 12pt;\">Auch f\u00fcr Firmenreisen mache ich gerne ein Angebot.<\/span><\/p>\n<p><span style=\"font-family: times new roman, times, serif; font-size: 12pt;\">Und f\u00fcr einen Betriebsausflug ist eine gemeinsame Wanderung eine sch\u00f6ne Idee.<\/span><\/p>\n<p>\n<span style=\"font-family: times new roman, times, serif; font-size: 12pt;\">Bei Interesse freue ich mich \u00fcber eine <a href=\"http:\/\/www.marmotte-wanderreisen.de\/contact\">Mail<\/a> oder einen <a href=\"http:\/\/www.marmotte-wanderreisen.de\/node\/18\">Anruf<\/a>.<\/span><\/p>\n<\/div>\n","protected":false},"excerpt":{"rendered":"<p>&nbsp; &nbsp; Zus\u00e4tzlich zu meinen angebotenen Frauenwanderungen biete ich f\u00fcr gemischte Gruppen und nat\u00fcrlich auch f\u00fcr bereits bestehende Frauengruppen auf Anfrage eine individuelle Tourenf\u00fchrung und Tourenplanung an. Auch f\u00fcr Firmenreisen mache ich gerne ein Angebot. Und f\u00fcr einen Betriebsausflug ist eine gemeinsame Wanderung eine sch\u00f6ne Idee. Bei Interesse freue ich mich \u00fcber eine Mail oder &hellip; <a href=\"https:\/\/www.marmotte-wanderreisen.de\/Murmel5\/index.php\/weitere-angebote\/\" class=\"more-link\"><span class=\"screen-reader-text\">&#8222;Weitere Angebote&#8220; <\/span>weiterlesen<\/a><\/p>\n","protected":false},"author":1,"featured_media":0,"parent":0,"menu_order":0,"comment_status":"closed","ping_status":"closed","template":"","meta":[],"_links":{"self":[{"href":"https:\/\/www.marmotte-wanderreisen.de\/Murmel5\/index.php\/wp-json\/wp\/v2\/pages\/13"}],"collection":[{"href":"https:\/\/www.marmotte-wanderreisen.de\/Murmel5\/index.php\/wp-json\/wp\/v2\/pages"}],"about":[{"href":"https:\/\/www.marmotte-wanderreisen.de\/Murmel5\/index.php\/wp-json\/wp\/v2\/types\/page"}],"author":[{"embeddable":true,"href":"https:\/\/www.marmotte-wanderreisen.de\/Murmel5\/index.php\/wp-json\/wp\/v2\/users\/1"}],"replies":[{"embeddable":true,"href":"https:\/\/www.marmotte-wanderreisen.de\/Murmel5\/index.php\/wp-json\/wp\/v2\/comments?post=13"}],"version-history":[{"count":9,"href":"https:\/\/www.marmotte-wanderreisen.de\/Murmel5\/index.php\/wp-json\/wp\/v2\/pages\/13\/revisions"}],"predecessor-version":[{"id":186,"href":"https:\/\/www.marmotte-wanderreisen.de\/Murmel5\/index.php\/wp-json\/wp\/v2\/pages\/13\/revisions\/186"}],"wp:attachment":[{"href":"https:\/\/www.marmotte-wanderreisen.de\/Murmel5\/index.php\/wp-json\/wp\/v2\/media?parent=13"}],"curies":[{"name":"wp","href":"https:\/\/api.w.org\/{rel}","templated":true}]}}