{"id":209,"date":"2018-12-29T18:21:14","date_gmt":"2018-12-29T17:21:14","guid":{"rendered":"https:\/\/www.marmotte-wanderreisen.de\/Murmel5\/?page_id=209"},"modified":"2018-12-30T10:55:28","modified_gmt":"2018-12-30T09:55:28","slug":"tour-du-mont-blanc","status":"publish","type":"page","link":"https:\/\/www.marmotte-wanderreisen.de\/Murmel5\/index.php\/tour-du-mont-blanc\/","title":{"rendered":"Tour du Mont Blanc"},"content":{"rendered":"<div style=\"width: 80%;\">\n<p><img loading=\"lazy\" style=\"float: right; margin-left: 16px; margin-bottom: 10px;\" src=\"\/userfiles\/image\/Monti%20100_4538.JPG\" alt=\"\" width=\"190\" height=\"148\" hspace=\"16\" vspace=\"15\" \/><\/p>\n<p><span style=\"font-family: times new roman, times, serif; font-size: 12pt;\"><strong>einmal drum herum\u00a0\u00a0\u00a0\u00a0<\/strong><strong><span style=\"color: #ff0000;\">\u00a0\u00a0\u00a0\u00a0\u00a0\u00a0\u00a0\u00a0\u00a0\u00a0\u00a0\u00a0\u00a0\u00a0<\/span> <\/strong><span style=\"color: #ff0000;\"><br \/>\n<\/span><\/span><\/p>\n<p><span style=\"color: #ff0000; font-size: 12pt; font-family: times new roman, times, serif;\">\u00a0<\/span><\/p>\n<p><span style=\"font-family: times new roman, times, serif; font-size: 12pt;\">Die Tour umrundet in 12 Tagen den Mont Blanc mit wundersch\u00f6nen Blicken auf Gletscher, T\u00e4ler und Berge und f\u00fchrt durch Frankreich, Italien und die Schweiz.\u00a0\u00a0\u00a0\u00a0\u00a0\u00a0\u00a0\u00a0\u00a0\u00a0\u00a0 Seit langem ein grosser Klassiker unter den Fernwanderungen und oft sogar als die sch\u00f6nste Tour der Alpen bezeichnet, ist sie wirklich etwas Besonde<img style=\"float: left; margin-right: 16px; margin-bottom: 10px; width: 197px; height: 152px;\" src=\"\/userfiles\/image\/Monti%20100_4550.JPG\" alt=\"\" hspace=\"0\" vspace=\"30\" \/>res und sehr abwechslungsreich. Ein echtes Erlebnis.<\/span><\/p>\n<p>&nbsp;<\/p>\n<p>&nbsp;<\/p>\n<p><span style=\"font-family: times new roman, times, serif; font-size: 12pt;\">Nicht nur die Landschaft ist atemberaubend sch\u00f6n,\u00a0wir k\u00f6nnen uns an vielen, vielen Bergblumen, wie z.B. Edelweiss und verschiedenen Enzianarten erfreuen und <br \/>\nMurmeltiere, Steinb\u00f6cke und Gemsen beobachten.<\/span><\/p>\n<p>&nbsp;<\/p>\n<p>&nbsp;<\/p>\n<p><span style=\"font-family: times new roman, times, serif; font-size: 12pt;\">W\u00e4hrend der Wanderung von Bergh\u00fctte zu Bergh\u00fctte, unter anderem durch das Wallis <br \/>\nund das Aostatal, \u00fcberqueren wir viele hohe P\u00e4sse mit \u00fcberw\u00e4ltigenden Fernblicken, <br \/>\nsteigen zwischendurch immer mal wieder <img loading=\"lazy\" style=\"float: right; margin-left: 16px; margin-bottom: 10px;\" src=\"..\/..\/..\/..\/..\/userfiles\/image\/Monti%20100_4679%281%29.jpg\" alt=\"\" width=\"161\" height=\"227\" hspace=\"17\" vspace=\"49\" \/>ins Tal hinab, durchwandern dort die landestypischen Bergd\u00f6rfer und k\u00f6nnen ab und an K\u00e4se auf einer Alm einkaufen.\u00a0<\/span><\/p>\n<p>&nbsp;<\/p>\n<p>&nbsp;<\/p>\n<p>&nbsp;<\/p>\n<p><span style=\"font-family: times new roman, times, serif; font-size: 10pt;\"><span style=\"text-decoration: underline;\"><strong>Etappen<\/strong><\/span><strong>:<\/strong><br \/>\n12 Tagesetappen zwischen 4,5 h &#8211; 8,5 h\u00a0 und\u00a0 max. 1250 hm im Anstieg.\u00a0 \u00a0<br \/>\nSie sind also zum Teil recht lang, d.h. eine Grundkondition ist n\u00f6tig,<br \/>\naber mit dieser ist die Tour gut zu schaffen.<br \/>\nZwischendurch gibt es auch k\u00fcrzere Etappen.<\/span><\/p>\n<p><span style=\"font-family: times new roman, times, serif; font-size: 10pt;\"><span style=\"text-decoration: underline;\"><strong>Schwierigkeit<\/strong><\/span><strong>:<\/strong>\u00a0<br \/>\nmittel<\/span><\/p>\n<p><span style=\"font-family: times new roman, times, serif; font-size: 10pt;\"><span style=\"text-decoration: underline;\"><strong>Anforderungen<\/strong><\/span><strong>: <\/strong><br \/>\nTrittsicherheit und Schwindelfreiheit<br \/>\nWanderung mit Gep\u00e4ck. Der Rucksack sollte nicht mehr als 11 kg wiegen.<\/span><\/p>\n<p><span style=\"font-family: times new roman, times, serif; font-size: 10pt;\"><span style=\"text-decoration: underline;\"><strong>Preis<\/strong><\/span><strong>: <\/strong><br \/>\n1365,- Euro inkl. \u00dcbernachtung in H\u00fctten im Lager mit Halbpension.<br \/>\nIn den franz. H\u00fctten\u00a0 beinhaltet die Halbpension ein 4-5 G\u00e4nge-Men\u00fc. <\/span><\/p>\n<p>&nbsp;<\/p>\n<p><span style=\"font-family: times new roman, times, serif; font-size: 10pt;\"><span style=\"text-decoration: underline;\"><strong>Anreise<\/strong><\/span><strong>:\u00a0<\/strong><br \/>\nentweder mit dem Zug &#8211; ich helfe gerne bei der Organisation und Bildung von Fahrgemeinschaften &#8211;<br \/>\noder\u00a0\u00a0\u00a0\u00a0\u00a0\u00a0\u00a0 mit dem Flugzeug bis Genf und weiter mit dem Zug.<\/span><\/p>\n<p>&nbsp;<\/p>\n<p><span style=\"font-family: times new roman, times, serif; font-size: 10pt;\"><span style=\"text-decoration: underline;\"><strong>Ausgangsort\/Treffpunkt<\/strong><\/span>: Les Houches<\/span><\/p>\n<p>&nbsp;<\/p>\n<p><span style=\"font-family: times new roman, times, serif; font-size: 10pt;\"><strong><span style=\"text-decoration: underline;\">Termin<\/span><\/strong><\/span><span style=\"font-size: 11pt;\"><span style=\"font-family: times new roman, times, serif; font-size: 10pt;\">:\u00a0<\/span><br \/>\n<span style=\"font-family: times new roman, times, serif; font-size: 10pt;\">29. Juli.- 9. August 2019<\/span><\/p>\n<p>\u00a0 <\/span><span style=\"font-size: style=;\">\u00a0\u00a0<br \/>\n<span style=\"font-size: 8pt;\"><span style=\"font-family: times new roman, times, serif;\">Diese Tour biete ich f\u00fcr Frauen an.<\/span> <\/span><\/span><\/p>\n<p>\n<span style=\"font-size: smaller;\"><img style=\"width: 152px; height: 115px;\" src=\"\/userfiles\/image\/Monti%20100_4557.JPG\" alt=\"\" \/><\/span><img style=\"width: 151px; height: 115px;\" src=\"\/userfiles\/image\/Monti%20100_5295.JPG\" alt=\"\" \/><img style=\"width: 151px; height: 115px;\" src=\"\/userfiles\/image\/Monti%20100_4786.JPG\" alt=\"\" \/><img style=\"width: 148px; height: 115px;\" src=\"\/userfiles\/image\/Monti%20100_4567.JPG\" alt=\"\" \/><img style=\"width: 153px; height: 114px;\" src=\"\/userfiles\/image\/Monti%20100_4810.JPG\" alt=\"\" \/><img style=\"width: 152px; height: 114px;\" src=\"\/userfiles\/image\/Monti%20100_4811.JPG\" alt=\"\" \/><img style=\"width: 155px; height: 114px;\" src=\"\/userfiles\/image\/Monti%20100_5351.JPG\" alt=\"\" \/><img style=\"width: 143px; height: 114px;\" src=\"\/userfiles\/image\/Monti%20100_4738.JPG\" alt=\"\" \/><\/p>\n<\/div>\n","protected":false},"excerpt":{"rendered":"<p>einmal drum herum\u00a0\u00a0\u00a0\u00a0\u00a0\u00a0\u00a0\u00a0\u00a0\u00a0\u00a0\u00a0\u00a0\u00a0\u00a0\u00a0\u00a0\u00a0 \u00a0 Die Tour umrundet in 12 Tagen den Mont Blanc mit wundersch\u00f6nen Blicken auf Gletscher, T\u00e4ler und Berge und f\u00fchrt durch Frankreich, Italien und die Schweiz.\u00a0\u00a0\u00a0\u00a0\u00a0\u00a0\u00a0\u00a0\u00a0\u00a0\u00a0 Seit langem ein grosser Klassiker unter den Fernwanderungen und oft sogar als die sch\u00f6nste Tour der Alpen bezeichnet, ist sie wirklich etwas Besonderes und sehr abwechslungsreich. &hellip; <a href=\"https:\/\/www.marmotte-wanderreisen.de\/Murmel5\/index.php\/tour-du-mont-blanc\/\" class=\"more-link\"><span class=\"screen-reader-text\">&#8222;Tour du Mont Blanc&#8220; <\/span>weiterlesen<\/a><\/p>\n","protected":false},"author":1,"featured_media":0,"parent":0,"menu_order":0,"comment_status":"closed","ping_status":"closed","template":"","meta":[],"_links":{"self":[{"href":"https:\/\/www.marmotte-wanderreisen.de\/Murmel5\/index.php\/wp-json\/wp\/v2\/pages\/209"}],"collection":[{"href":"https:\/\/www.marmotte-wanderreisen.de\/Murmel5\/index.php\/wp-json\/wp\/v2\/pages"}],"about":[{"href":"https:\/\/www.marmotte-wanderreisen.de\/Murmel5\/index.php\/wp-json\/wp\/v2\/types\/page"}],"author":[{"embeddable":true,"href":"https:\/\/www.marmotte-wanderreisen.de\/Murmel5\/index.php\/wp-json\/wp\/v2\/users\/1"}],"replies":[{"embeddable":true,"href":"https:\/\/www.marmotte-wanderreisen.de\/Murmel5\/index.php\/wp-json\/wp\/v2\/comments?post=209"}],"version-history":[{"count":15,"href":"https:\/\/www.marmotte-wanderreisen.de\/Murmel5\/index.php\/wp-json\/wp\/v2\/pages\/209\/revisions"}],"predecessor-version":[{"id":278,"href":"https:\/\/www.marmotte-wanderreisen.de\/Murmel5\/index.php\/wp-json\/wp\/v2\/pages\/209\/revisions\/278"}],"wp:attachment":[{"href":"https:\/\/www.marmotte-wanderreisen.de\/Murmel5\/index.php\/wp-json\/wp\/v2\/media?parent=209"}],"curies":[{"name":"wp","href":"https:\/\/api.w.org\/{rel}","templated":true}]}}