{"id":222,"date":"2018-12-29T19:12:55","date_gmt":"2018-12-29T18:12:55","guid":{"rendered":"https:\/\/www.marmotte-wanderreisen.de\/Murmel5\/?page_id=222"},"modified":"2018-12-29T19:47:43","modified_gmt":"2018-12-29T18:47:43","slug":"vanoise","status":"publish","type":"page","link":"https:\/\/www.marmotte-wanderreisen.de\/Murmel5\/index.php\/vanoise\/","title":{"rendered":"Vanoise"},"content":{"rendered":"<div style=\"width: 80%;\">\n<h2><span style=\"font-family: times new roman, times, serif; font-size: 18pt;\">H\u00fcttenwanderung durch den Vanoise-Nationalpark<\/span><\/h2>\n<p><strong><span style=\"font-family: times new roman, times, serif; font-size: 12pt;\">Tour des Glaciers<\/span> \u00a0 \u00a0\u00a0<\/strong><\/p>\n<p><span style=\"color: #ff0000; font-size: small;\"><span style=\"color: #ff6600;\">\u00a0<\/span><\/span><\/p>\n<p><img loading=\"lazy\" style=\"float: right; margin-left: 23px; margin-top: 20px; margin-bottom: 20px;\" src=\"https:\/\/www.marmotte-wanderreisen.de\/userfiles\/image\/Vanoise%20100_7814.JPG\" width=\"179\" height=\"134\" \/><\/p>\n<p><img loading=\"lazy\" style=\"float: left; margin-right: 23px; margin-top: 18px; margin-bottom: 18px;\" src=\"\/userfiles\/image\/Vanoise%20100_7373.JPG\" width=\"180\" height=\"133\" \/><\/p>\n<p>&nbsp;<\/p>\n<p><span style=\"font-family: times new roman, times, serif; font-size: 12pt;\">Die Tour des Glaciers ist eine H\u00fcttenwanderung durch den Vanoise-N<\/span><span style=\"font-family: times new roman, times, serif; font-size: 12pt;\">a<\/span><span style=\"font-family: times new roman, times, serif; font-size: 12pt;\">tionalpark, den ersten Nationalpark Frankreichs, der sich s\u00fcdlich des\u00a0Mont Blanc befindet. Die Grande Casse, mit 3855m der h\u00f6chste Berg des Massivs, ist nur einer der <\/span><\/p>\n<p><span style=\"font-family: times new roman, times, serif; font-size: 12pt;\">vergletscherten 3000er-Gipfel, die das spektakul\u00e4re Landschaftsbild bestimmen.<\/span><\/p>\n<p>&nbsp;<\/p>\n<p><span style=\"font-family: times new roman, times, serif; font-size: 12pt;\">Auf unserer Tour umrunden wir den ca. 35 km<sup>2<\/sup> gro\u00dfen Vanoise-Gletscher, der dem Nationalpark seinen Namen gegeben hat. Wir betreten ihn nicht, wie der Name der Tour vermuten lassen k\u00f6nnte, sondern freuen uns an seinem Anblick und laufen drum herum.<\/span><\/p>\n<p>&nbsp;<\/p>\n<p><span style=\"font-family: times new roman, times, serif; font-size: 12pt;\">Die sehr abwechslungsreiche und landschaftlich einzigartig sch\u00f6ne Wanderung f\u00fchrt uns \u00fcber Wiesen, durch Felsenkessel, an Wasserf\u00e4llen, Berg- und Gletscherseen vorbei und \u00fcber hohe P\u00e4sse (der h\u00f6chste, der <br \/>\n<\/span><\/p>\n<p><span style=\"font-family: times new roman, times, serif; font-size: 12pt;\"><img loading=\"lazy\" class=\"alignleft\" style=\"float: right; margin-left: 25px; margin-bottom: 10px;\" src=\"\/userfiles\/image\/Vanoise%20100_7819.JPG\" alt=\"\" width=\"134\" height=\"181\" vspace=\"27\" \/><\/span><\/p>\n<p><span style=\"font-family: times new roman, times, serif; font-size: 12pt;\">Col de la Masse liegt auf 2923m) und immer wieder kommen wir dem Gletscher<img loading=\"lazy\" style=\"float: left; margin-right: 25px; margin-bottom: 10px;\" src=\"\/userfiles\/image\/Vanoise%20100_7506.JPG\" alt=\"\" width=\"180\" height=\"134\" vspace=\"14\" \/> nah.<\/span><\/p>\n<p>&nbsp;<\/p>\n<p><span style=\"font-family: times new roman, times, serif; font-size: 12pt;\">Wir \u00fcbernachten in gem\u00fctlichen, teils recht kleinen Bergh\u00fctten, <\/span><\/p>\n<p><span style=\"font-family: times new roman, times, serif; font-size: 12pt;\">die landschaftlich wundersch\u00f6n liegen. H\u00e4ufig k\u00f6nnen wir abends, je nach Lust und Laune noch einen kleinen Spaziergang zu nahgelegenen Bergseen unternehmen und die sch\u00f6ne Bergkulisse genie\u00dfen.<\/span><\/p>\n<p>&nbsp;<\/p>\n<p><span style=\"font-family: times new roman, times, serif; font-size: 12pt;\">In einer der wohl sch\u00f6nstgelegenen H\u00fctten am Fu\u00dfe des Dent Parrach\u00e9e (3697m) werden wir einen ganzen Tag verweilen und eine Tageswanderung auf knapp 3000m vorbei am Lac de G\u00e9n\u00e9pi (Bergsee) zum Gletscherrand unternehmen.\u00a0<\/span><\/p>\n<p>&nbsp;<\/p>\n<p><span style=\"font-family: times new roman, times, serif; font-size: 12pt;\">Von hier aus haben wir eine gro\u00dfartige Aussicht auf den s\u00fcdlich benachbarten Parc National des \u00c9crins mit seinen hohen Gipfeln La Meije (3.983m) und den Barre des Ecrins (4101m). Hier oben finden wir die unter Natursc<\/span><span style=\"font-family: times new roman, times, serif; font-size: 12pt;\">hutz <\/span><\/p>\n<p><span style=\"font-family: times new roman, times, serif; font-size: 12pt;\">ste<\/span><span style=\"font-family: times new roman, times, serif; font-size: 12pt;\">hende Edelraute, in Frankreich G\u00e9n\u00e9pi genannt, aus der der gleichnamige Lik\u00f6r, eine hiesige Spezialit\u00e4t, <\/span><\/p>\n<p><span style=\"font-family: times new roman, times, serif; font-size: 11pt;\"><img loading=\"lazy\" style=\"float: right; margin-left: 25px; margin-bottom: 15px; margin-top: 15px;\" src=\"\/userfiles\/image\/Vanoise%20100_7698.JPG\" alt=\"\" width=\"179\" height=\"136\" vspace=\"22\" \/><\/span><\/p>\n<p><span style=\"font-family: times new roman, times, serif; font-size: 12pt;\">hergest<\/span><span style=\"font-family: times new roman, times, serif; font-size: 12pt;\">ellt <\/span><span style=\"font-family: times new roman, times, serif; font-size: 12pt;\">wird.<\/span><\/p>\n<p>&nbsp;<\/p>\n<p><span style=\"font-family: times new roman, times, serif; font-size: 12pt;\">Auf dieser Tour gibt es unz\u00e4hlige Blumen zu sehen, verschiedene Enzianarten, Edelweiss, Hauswurz, Silb<\/span><span style=\"font-family: times new roman, times, serif; font-size: 12pt;\">er<\/span><span style=\"font-family: times new roman, times, serif; font-size: 12pt;\">disteln, Alpenleinkraut und viele mehr.\u00a0 Auf keiner anderen Tour habe ich bisher so viele Blumen gesehen, wie auf dieser. Auch Tiere gibt es viele zu beobachten: <\/span><span style=\"font-family: times new roman, times, serif; font-size: 12pt;\">Steinb\u00f6cke, Gemsen,\u00a0Murmeltiere. <\/span><\/p>\n<p><span style=\"font-family: times new roman, times, serif; font-size: 12pt;\">Am Col de la Vanoise, unserer ersten H\u00fct<\/span><span style=\"font-family: times new roman, times, serif; font-size: 12pt;\">te auf der <\/span><span style=\"font-family: times new roman, times, serif; font-size: 12pt;\">Wanderung, schleichen die Murmeltiere sogar gut vollgefressen und wenig scheu ums Haus.<\/span><br \/>\n\u00a0<\/p>\n<p>&nbsp;<\/p>\n<p>&nbsp;<\/p>\n<p><span style=\"font-size: 12pt; font-family: times new roman, times, serif;\"><strong><span style=\"text-decoration: underline;\">Etappen<\/span><\/strong>:\u00a0 9 Tagesetappen mit durchschnittlich\u00a0 5 &#8211; 7 h\u00a0 und max. 1100 hm im Aufstieg.<\/span><\/p>\n<p><span style=\"font-family: times new roman, times, serif; font-size: 11pt;\">Zwischendurch gibt es 2 k\u00fcrzere Etappen zum Ausruhen, bei denen noch eine Anschlusswanderung mit Tagesgep\u00e4ck geplant ist. <br \/>\nDiese soll aber kein Muss sein, sondern wer m\u00f6chte kann sich ausruhen und wer noch weiterwandern m\u00f6chte, kann mitkommen.<\/span><\/p>\n<p>&nbsp;<\/p>\n<p><span style=\"font-size: 12pt; font-family: times new roman, times, serif;\"><strong><span style=\"text-decoration: underline;\">Schwierigkeit<\/span><\/strong>:\u00a0 mittel<\/span><\/p>\n<p>&nbsp;<\/p>\n<p><span style=\"font-size: 11pt; font-family: times new roman, times, serif;\"><strong><span style=\"text-decoration: underline;\">Anforderungen<\/span><\/strong>:\u00a0<\/span><br \/>\n<span style=\"font-size: 11pt; font-family: times new roman, times, serif;\">Trittsicherheit und Schwindelfreiheit\u00a0\u00a0\u00a0\u00a0\u00a0\u00a0\u00a0\u00a0\u00a0\u00a0\u00a0\u00a0\u00a0\u00a0\u00a0\u00a0\u00a0\u00a0\u00a0\u00a0\u00a0\u00a0\u00a0\u00a0\u00a0\u00a0\u00a0\u00a0\u00a0\u00a0\u00a0\u00a0\u00a0\u00a0\u00a0\u00a0\u00a0\u00a0\u00a0\u00a0\u00a0\u00a0\u00a0\u00a0\u00a0\u00a0\u00a0\u00a0\u00a0\u00a0\u00a0\u00a0\u00a0\u00a0\u00a0\u00a0\u00a0\u00a0\u00a0\u00a0\u00a0\u00a0\u00a0\u00a0\u00a0\u00a0\u00a0\u00a0\u00a0\u00a0\u00a0\u00a0\u00a0\u00a0\u00a0\u00a0\u00a0\u00a0\u00a0\u00a0\u00a0\u00a0\u00a0\u00a0\u00a0\u00a0\u00a0\u00a0\u00a0\u00a0\u00a0\u00a0\u00a0\u00a0<br \/>\nWanderung mit Gep\u00e4ck. Der Rucksack sollte nicht mehr als 11 kg wiegen.<\/span><\/p>\n<p>&nbsp;<\/p>\n<p><span style=\"font-family: times new roman, times, serif; font-size: 11pt;\"><strong><span style=\"text-decoration: underline;\">Preis<\/span><\/strong>:<br \/>\n975,- Euro\/ 940,- Euro (AV-Mitfrauen)\u00a0 inkl. \u00dcbernachtung in H\u00fctten im Lager mit Halbpension\u00a0<br \/>\n(in den franz\u00f6sischen H\u00fctten beinhaltet die Halbpension ein 4-5 G\u00e4nge-Men\u00fc)<small>\u00a0 \u00a0 \u00a0<\/small><small>\u00a0\u00a0\u00a0\u00a0\u00a0\u00a0 <\/small><\/span><\/p>\n<p>&nbsp;<\/p>\n<p><span style=\"font-family: times new roman, times, serif; font-size: 14pt;\"><strong><small><span style=\"text-decoration: underline;\">Anreise<\/span><\/small><\/strong><small>:\u00a0 entweder mit dem Zug &#8211; ich helfe gerne bei der Organisation und Bildung von Fahrgemeinschaften<br \/>\noder mit dem Flugzeug bis Genf oder Lyon und weiter mit dem Zug und Bus.<\/small><\/span><\/p>\n<p>&nbsp;<\/p>\n<p><span style=\"font-family: times new roman, times, serif; font-size: 14pt;\"><span style=\"text-decoration: underline;\"><strong><small>Termin<\/small><\/strong><\/span><small>:\u00a0 16. &#8211; 24. August 2019<\/small><\/span><\/p>\n<p>&nbsp;<\/p>\n<p>&nbsp;<\/p>\n<p>\u00a0<span style=\"font-size: small;\"><small><span style=\"font-family: times new roman, times, serif; font-size: 10pt;\">Diese Tour biete ich f\u00fcr Frauen an<\/span>. <big>\u00a0<\/big><\/small><\/span><span style=\"font-size: small;\"><small><big>\u00a0<\/big><\/small><\/span><\/p>\n<p><span style=\"font-size: small;\"><small><big>\u00a0\u00a0\u00a0\u00a0\u00a0\u00a0\u00a0\u00a0<\/big><\/small><\/span><\/p>\n<p><span style=\"font-size: smaller;\"><img style=\"width: 132px; height: 98px; float: left;\" src=\"http:\/\/www.marmotte-wanderreisen.de\/userfiles\/image\/Steinbock I\" alt=\"\" \/><\/span><big><big><img style=\"width: 142px; height: 98px;\" src=\"\/userfiles\/image\/Vanoise%20100_7877.JPG\" alt=\"\" \/><img style=\"width: 131px; height: 98px;\" src=\"\/userfiles\/image\/Vanoise%20100_7809.JPG\" alt=\"\" \/><img style=\"width: 121px; height: 98px;\" src=\"\/userfiles\/image\/Vanoise%20100_7837.JPG\" alt=\"\" \/><img style=\"width: 124px; height: 98px;\" src=\"\/userfiles\/image\/Vanoise%20100_7756.JPG\" alt=\"\" \/><img style=\"width: 134px; height: 98px;\" src=\"\/userfiles\/image\/Vanoise%20100_7586(1).jpg\" alt=\"\" \/><img style=\"width: 128px; height: 98px;\" src=\"\/userfiles\/image\/Vanoise%20100_7895.JPG\" alt=\"\" \/><span style=\"font-size: small;\"><img style=\"width: 128px; height: 98px;\" src=\"\/userfiles\/image\/Vanoise%20100_7353.JPG\" alt=\"\" \/><\/span><img style=\"width: 130px; height: 98px;\" src=\"\/userfiles\/image\/Vanoise%20100_7448(1).jpg\" alt=\"\" \/><\/big><\/big><big><big><strong><img style=\"width: 130px; height: 98px;\" src=\"\/userfiles\/image\/Vanoise%20100_7317(1).jpg\" alt=\"\" \/><\/strong><\/big><\/big><\/p>\n<p><big><big>\u00a0<\/big><\/big><\/p>\n<p><big><big>\u00a0<\/big><\/big><\/p>\n<\/div>\n","protected":false},"excerpt":{"rendered":"<p>H\u00fcttenwanderung durch den Vanoise-Nationalpark Tour des Glaciers \u00a0 \u00a0\u00a0 \u00a0 &nbsp; Die Tour des Glaciers ist eine H\u00fcttenwanderung durch den Vanoise-Nationalpark, den ersten Nationalpark Frankreichs, der sich s\u00fcdlich des\u00a0Mont Blanc befindet. Die Grande Casse, mit 3855m der h\u00f6chste Berg des Massivs, ist nur einer der vergletscherten 3000er-Gipfel, die das spektakul\u00e4re Landschaftsbild bestimmen. &nbsp; Auf unserer &hellip; <a href=\"https:\/\/www.marmotte-wanderreisen.de\/Murmel5\/index.php\/vanoise\/\" class=\"more-link\"><span class=\"screen-reader-text\">&#8222;Vanoise&#8220; <\/span>weiterlesen<\/a><\/p>\n","protected":false},"author":1,"featured_media":0,"parent":0,"menu_order":0,"comment_status":"closed","ping_status":"closed","template":"","meta":[],"_links":{"self":[{"href":"https:\/\/www.marmotte-wanderreisen.de\/Murmel5\/index.php\/wp-json\/wp\/v2\/pages\/222"}],"collection":[{"href":"https:\/\/www.marmotte-wanderreisen.de\/Murmel5\/index.php\/wp-json\/wp\/v2\/pages"}],"about":[{"href":"https:\/\/www.marmotte-wanderreisen.de\/Murmel5\/index.php\/wp-json\/wp\/v2\/types\/page"}],"author":[{"embeddable":true,"href":"https:\/\/www.marmotte-wanderreisen.de\/Murmel5\/index.php\/wp-json\/wp\/v2\/users\/1"}],"replies":[{"embeddable":true,"href":"https:\/\/www.marmotte-wanderreisen.de\/Murmel5\/index.php\/wp-json\/wp\/v2\/comments?post=222"}],"version-history":[{"count":22,"href":"https:\/\/www.marmotte-wanderreisen.de\/Murmel5\/index.php\/wp-json\/wp\/v2\/pages\/222\/revisions"}],"predecessor-version":[{"id":245,"href":"https:\/\/www.marmotte-wanderreisen.de\/Murmel5\/index.php\/wp-json\/wp\/v2\/pages\/222\/revisions\/245"}],"wp:attachment":[{"href":"https:\/\/www.marmotte-wanderreisen.de\/Murmel5\/index.php\/wp-json\/wp\/v2\/media?parent=222"}],"curies":[{"name":"wp","href":"https:\/\/api.w.org\/{rel}","templated":true}]}}