{"id":247,"date":"2018-12-29T19:52:09","date_gmt":"2018-12-29T18:52:09","guid":{"rendered":"https:\/\/www.marmotte-wanderreisen.de\/Murmel5\/?page_id=247"},"modified":"2018-12-29T20:19:02","modified_gmt":"2018-12-29T19:19:02","slug":"tour-del-gran-paradiso","status":"publish","type":"page","link":"https:\/\/www.marmotte-wanderreisen.de\/Murmel5\/index.php\/tour-del-gran-paradiso\/","title":{"rendered":"Tour del Gran Paradiso"},"content":{"rendered":"<div style=\"width: 80%;\">\n<p>&nbsp;<\/p>\n<p><span style=\"font-family: times new roman, times, serif; font-size: 12pt;\">Der wunders<img loading=\"lazy\" style=\"margin-right: 23px; float: left; margin-top: 4px; margin-bottom: 4px;\" src=\"\/sites\/default\/files\/Gran%20Paradiso%2012.jpg\" width=\"210\" height=\"150\" \/>ch\u00f6ne Gran Paradiso-Nationalpark mit seinem 4061m hohen Berg Gran Paradiso liegt im Aostatal in unmittelbarer N\u00e4he zum MontBlanc und ist die direkte Nachbarin des franz\u00f6sischen Parc National de la Vanoise.<img loading=\"lazy\" style=\"float: right; margin: 15px 10px;\" src=\"\/sites\/default\/files\/Gran%20Paradiso%2011.jpg\" width=\"146\" height=\"219\" \/><\/span><\/p>\n<p>&nbsp;<\/p>\n<p><span style=\"font-family: times new roman, times, serif; font-size: 12pt;\">Er war der erste Nationalpark Italiens, der bereits 1922 <\/span><br \/>\n<span style=\"font-family: times new roman, times, serif; font-size: 12pt;\">zum Schutz der Steinb\u00f6cke gegr\u00fcndet wurde.<\/span><\/p>\n<p><span style=\"font-family: times new roman, times, serif; font-size: 12pt;\">Es ist ein beeindruckend sch\u00f6nes Gebiet, schroff und <\/span><br \/>\n<span style=\"font-family: times new roman, times, serif; font-size: 12pt;\">wild und lieblich zugleich, mit sehr vielen Gletschern, hohen P\u00e4ssen (einige \u00fcber 3000m), kleinen Bergseen, h\u00fcbschen Bergd\u00f6rfern, einladenden Bergwiesen und Bergb\u00e4chen, Steinb\u00f6cken, G\u00e4msen und unz\u00e4hligen Murmeltieren.<\/span><\/p>\n<p>&nbsp;<\/p>\n<p><span style=\"font-family: times new roman, times, serif; font-size: 12pt;\">Noch nie habe ich so viele G\u00e4msen gesehen wie auf dieser traumhaften Bergtour.<\/span><\/p>\n<p>&nbsp;<\/p>\n<p><span style=\"font-family: times new roman, times, serif; font-size: 12pt;\">Wir beginnen unsere Wanderung im kleinen Bergdorf Cogne.<\/span><\/p>\n<p>&nbsp;<\/p>\n<p><span style=\"font-family: times new roman, times, serif; font-size: 12pt;\">Auf unserer 11-t\u00e4gigen H\u00fcttenwanderung \u00fcberqueren wir viele hohe P\u00e4sse und genie\u00dfen die spektakul\u00e4re Landschaft. Der erste Pass, der Col du Loson, liegt auf beachtlichen 3299m.<\/span><\/p>\n<p>&nbsp;<\/p>\n<p><span style=\"font-family: times new roman, times, serif; font-size: 12pt;\">Beim Abstieg haben wir tolle Blicke auf den vergletscherten Gran Paradiso.<\/span><\/p>\n<p>&nbsp;<\/p>\n<p><span style=\"font-family: times new roman, times, serif; font-size: 12pt;\">Wir durchwandern in den kommenden Tagen viele T\u00e4ler, wie das Valsavarenche, das Val di Rh\u00eames, das Valgrisenche.<\/span><\/p>\n<p>&nbsp;<\/p>\n<p><span style=\"font-family: times new roman, times, serif; font-size: 12pt;\">Wir machen <img loading=\"lazy\" style=\"margin-right: 23px; float: left; margin-top: 12px; margin-bottom: 12px;\" src=\"\/sites\/default\/files\/Gran%20Paradiso%201.jpg\" width=\"210\" height=\"158\" \/>einen 2-t\u00e4gigen Abstecher in den franz\u00f6sischen Vanoise-Nationalpark, <\/span><br \/>\n<span style=\"font-family: times new roman, times, serif; font-size: 12pt;\">wo wir atemberaubende Gletscherblicke auf den Glacier des Balmes und den <\/span><br \/>\n<span style=\"font-family: times new roman, times, serif; font-size: 12pt;\">Mont Pourri genie<img loading=\"lazy\" style=\"float: right; margin: 18px 10px;\" src=\"\/sites\/default\/files\/Gran%20Paradiso%202.jpg\" width=\"210\" height=\"158\" \/>\u00dfen.<\/span><\/p>\n<p>&nbsp;<\/p>\n<p><span style=\"font-family: times new roman, times, serif; font-size: 12pt;\">Wieder zur\u00fcck in Italien erwartet uns weiter traumhafte Landschaft.<\/span><br \/>\n<span style=\"font-family: times new roman, times, serif; font-size: 12pt;\">Wir \u00fcberqueren den Pass Col Basac-D\u00e9r\u00e9 (3082m), wo wir den Gletschern ganz nahe kommen, den Col Rosset mit seinen 3025m und genie\u00dfen die sch\u00f6nen Bergseen auf dem Weiterweg.<\/span><\/p>\n<p>&nbsp;<\/p>\n<p><span style=\"font-family: times new roman, times, serif; font-size: 12pt;\">Nach vielen sch\u00f6nen Wandertagen erreichen wir das kleine Bergdorf Pont am Fu\u00dfe des Gran Paradiso und beenden dort unsere Wanderung.<\/span><\/p>\n<p>&nbsp;<\/p>\n<p>&nbsp;<\/p>\n<p><span style=\"text-decoration: underline;\"><strong><span style=\"font-family: times new roman, times, serif; font-size: 11pt;\">Etappen:<\/span><\/strong><\/span><\/p>\n<p><span style=\"font-family: times new roman, times, serif; font-size: 11pt;\">11 Tagesetappen zwischen 4,5 h &#8211; 8 h und max. 1150 hm im Aufstieg (an einem Tag 1350 hm).\u00a0\u00a0\u00a0\u00a0\u00a0\u00a0\u00a0\u00a0\u00a0\u00a0\u00a0 <br \/>\nDie Etappen sind zum Teil recht lang, d.h. eine gute Kondition und Trittsicherheit sind n\u00f6tig.<\/span><br \/>\n<span style=\"font-family: times new roman, times, serif; font-size: 11pt;\"><img loading=\"lazy\" style=\"float: right; margin: 15px 55px;\" src=\"\/sites\/default\/files\/Gran%20Paradiso%2032.jpg\" width=\"140px\" height=\"93\" \/>Die Wanderungen gehen <span style=\"text-decoration: underline;\">nicht<\/span> \u00fcber Gletscher.\u00a0<\/span><\/p>\n<p>&nbsp;<\/p>\n<p><span style=\"font-size: 11pt; font-family: times new roman, times, serif;\"><strong><span style=\"text-decoration: underline;\">Schwierigkeit<\/span><\/strong>:\u00a0 mittel &#8211; anspruchsvoll<\/span><\/p>\n<p>&nbsp;<\/p>\n<p><span style=\"font-size: 11pt; font-family: times new roman, times, serif;\"><strong><span style=\"text-decoration: underline;\">Anforderungen<\/span><\/strong>: <\/span><br \/>\n<span style=\"font-family: times new roman, times, serif; font-size: 11pt;\">Trittsicherheit und Schwindelfreiheit, Kondition entsprechend der Ausschreibung\u00a0\u00a0 <br \/>\nWanderung mit Gep\u00e4ck. Der Rucksack sollte nicht mehr als 11 kg wiegen.<br \/>\nDiese H\u00fcttentour ist nicht f\u00fcr Anf\u00e4ngerinnen geeignet. <br \/>\nSie ist f\u00fcr Teilnehmerinnen, die schon Bergwandererfahrung haben und die entsprechende Kondition und Trittsicherheit mitbringen.\u00a0<\/span><\/p>\n<p>&nbsp;<\/p>\n<p><span style=\"font-family: times new roman, times, serif; font-size: 11pt;\"><strong><span style=\"text-decoration: underline;\">Preis<\/span><\/strong>:<br \/>\n1310,-Euro \/ 1285,- Euro (AV-Mitfrauen)\u00a0 inkl. \u00dcbernachtung in H\u00fctten im Lager mit Halbpension, <br \/>\n\u00a0\u00a0\u00a0\u00a0\u00a0\u00a0\u00a0\u00a0\u00a0\u00a0\u00a0\u00a0\u00a0\u00a0\u00a0\u00a0\u00a0\u00a0\u00a0\u00a0\u00a0\u00a0\u00a0\u00a0\u00a0\u00a0\u00a0\u00a0\u00a0\u00a0\u00a0\u00a0\u00a0\u00a0\u00a0\u00a0\u00a0\u00a0\u00a0 \u00a0 \u00a0 \u00a0 \u00a0 \u00a0 \u00a0 \u00a0 \u00a0 \u00a0 \u00a0 \u00a0 2 H\u00fctten sind in Frankreich im Vanoise-Nationalpark<\/span><\/p>\n<p><span style=\"font-family: times new roman, times, serif; font-size: 14pt;\"><strong><small><span style=\"text-decoration: underline;\">Anreise<\/span><\/small><\/strong><small>:\u00a0 entweder mit dem Zug &#8211; ich helfe gerne bei der Organisation und Bildung von Fahrgemeinschaften<br \/>\noder mit dem Flugzeug und weiter mit dem Zug und Bus.<\/small><\/span><\/p>\n<p>&nbsp;<\/p>\n<p><span style=\"text-decoration: underline; font-family: times new roman, times, serif; font-size: 14pt;\"><strong><small>Termin<\/small><\/strong><\/span><small><span style=\"font-family: times new roman, times, serif; font-size: 11pt;\">:\u00a0 26.08.-05.09.2019<\/span><br \/>\n<\/small><\/p>\n<p>&nbsp;<\/p>\n<p>&nbsp;<\/p>\n<p><span style=\"font-size: small;\"><small>Diese Tour biete ich f\u00fcr Frauen an. <big>\u00a0<\/big><\/small><\/span><span style=\"font-size: smaller;\"><small><big>\u00a0\u00a0\u00a0<\/big><\/small><\/span><\/p>\n<p><img loading=\"lazy\" class=\"\" style=\"float: left;\" src=\"\/sites\/default\/files\/Gran%20Paradiso%2010.jpg\" width=\"155\" height=\"116\" \/><img loading=\"lazy\" src=\"\/sites\/default\/files\/Gran%20Paradiso%2013.jpg\" width=\"176\" height=\"112\" \/><img loading=\"lazy\" src=\"\/sites\/default\/files\/Gran%20Paradiso%2014.jpg\" width=\"171\" height=\"114\" \/><img loading=\"lazy\" src=\"\/sites\/default\/files\/Gran%20Paradiso%2015.jpg\" width=\"171\" height=\"114\" \/><\/p>\n<p><img loading=\"lazy\" class=\"\" src=\"\/sites\/default\/files\/Gran%20Paradiso%2016.jpg\" width=\"168\" height=\"112\" \/><img loading=\"lazy\" src=\"\/sites\/default\/files\/Gran%20Paradiso%2017.jpg\" width=\"171\" height=\"114\" \/><img loading=\"lazy\" src=\"\/sites\/default\/files\/Gran%20Paradiso%2018.jpg\" width=\"171\" height=\"114\" \/><img loading=\"lazy\" src=\"\/sites\/default\/files\/Gran%20Paradiso%2019.jpg\" width=\"164\" height=\"114\" \/><img loading=\"lazy\" src=\"\/sites\/default\/files\/Gran%20Paradiso%2020.jpg\" width=\"170\" height=\"114\" \/><img loading=\"lazy\" src=\"\/sites\/default\/files\/Gran%20Paradiso%2021.jpg\" width=\"160\" height=\"114\" \/><img loading=\"lazy\" src=\"\/sites\/default\/files\/Gran%20Paradiso%2022.jpg\" width=\"171\" height=\"114\" \/><img loading=\"lazy\" src=\"\/sites\/default\/files\/Gran%20Paradiso%2023.jpg\" width=\"171\" height=\"114\" \/><img loading=\"lazy\" src=\"\/sites\/default\/files\/Gran%20Paradiso%2024.jpg\" width=\"167\" height=\"114\" \/><img loading=\"lazy\" src=\"\/sites\/default\/files\/Gran%20Paradiso%2026.jpg\" width=\"171\" height=\"114\" \/><img loading=\"lazy\" src=\"\/sites\/default\/files\/Gran%20Paradiso%2027.jpg\" width=\"165\" height=\"114\" \/><img loading=\"lazy\" src=\"\/sites\/default\/files\/Gran%20Paradiso%2028.jpg\" width=\"171\" height=\"114\" \/><img loading=\"lazy\" src=\"\/sites\/default\/files\/Gran%20Paradiso%2029.jpg\" width=\"168\" height=\"114\" \/><img loading=\"lazy\" src=\"\/sites\/default\/files\/Gran%20Paradiso%2030.jpg\" width=\"171\" height=\"114\" \/><img loading=\"lazy\" src=\"\/sites\/default\/files\/Gran%20Paradiso%2031.jpg\" width=\"169\" height=\"114\" \/><img loading=\"lazy\" src=\"\/sites\/default\/files\/Gran%20Paradiso%2033.jpg\" width=\"166\" height=\"114\" \/><img loading=\"lazy\" src=\"\/sites\/default\/files\/Gran%20Paradiso%2034.jpg\" width=\"172\" height=\"114\" \/><img loading=\"lazy\" src=\"\/sites\/default\/files\/Gran%20Paradiso%2035.jpg\" width=\"171\" height=\"114\" \/><img loading=\"lazy\" src=\"\/sites\/default\/files\/Gran%20Paradiso%207.jpg\" width=\"164\" height=\"114\" \/><img loading=\"lazy\" src=\"\/sites\/default\/files\/Gran%20Paradiso%204%20.jpg\" width=\"167\" height=\"114\" \/><img loading=\"lazy\" src=\"\/sites\/default\/files\/Gran%20Paradiso%205.jpg\" width=\"170\" height=\"114\" \/><img loading=\"lazy\" src=\"\/sites\/default\/files\/Gran%20Paradiso%208.jpg\" width=\"171\" height=\"116\" \/><img loading=\"lazy\" src=\"\/sites\/default\/files\/Gran%20Paradiso%206.jpg\" width=\"170\" height=\"116\" \/><img loading=\"lazy\" src=\"\/sites\/default\/files\/Gran%20Paradiso%209.jpg\" width=\"163\" height=\"116\" \/><\/p>\n<\/div>\n","protected":false},"excerpt":{"rendered":"<p>&nbsp; Der wundersch\u00f6ne Gran Paradiso-Nationalpark mit seinem 4061m hohen Berg Gran Paradiso liegt im Aostatal in unmittelbarer N\u00e4he zum MontBlanc und ist die direkte Nachbarin des franz\u00f6sischen Parc National de la Vanoise. &nbsp; Er war der erste Nationalpark Italiens, der bereits 1922 zum Schutz der Steinb\u00f6cke gegr\u00fcndet wurde. Es ist ein beeindruckend sch\u00f6nes Gebiet, schroff &hellip; <a href=\"https:\/\/www.marmotte-wanderreisen.de\/Murmel5\/index.php\/tour-del-gran-paradiso\/\" class=\"more-link\"><span class=\"screen-reader-text\">&#8222;Tour del Gran Paradiso&#8220; <\/span>weiterlesen<\/a><\/p>\n","protected":false},"author":1,"featured_media":0,"parent":0,"menu_order":0,"comment_status":"closed","ping_status":"closed","template":"","meta":[],"_links":{"self":[{"href":"https:\/\/www.marmotte-wanderreisen.de\/Murmel5\/index.php\/wp-json\/wp\/v2\/pages\/247"}],"collection":[{"href":"https:\/\/www.marmotte-wanderreisen.de\/Murmel5\/index.php\/wp-json\/wp\/v2\/pages"}],"about":[{"href":"https:\/\/www.marmotte-wanderreisen.de\/Murmel5\/index.php\/wp-json\/wp\/v2\/types\/page"}],"author":[{"embeddable":true,"href":"https:\/\/www.marmotte-wanderreisen.de\/Murmel5\/index.php\/wp-json\/wp\/v2\/users\/1"}],"replies":[{"embeddable":true,"href":"https:\/\/www.marmotte-wanderreisen.de\/Murmel5\/index.php\/wp-json\/wp\/v2\/comments?post=247"}],"version-history":[{"count":9,"href":"https:\/\/www.marmotte-wanderreisen.de\/Murmel5\/index.php\/wp-json\/wp\/v2\/pages\/247\/revisions"}],"predecessor-version":[{"id":256,"href":"https:\/\/www.marmotte-wanderreisen.de\/Murmel5\/index.php\/wp-json\/wp\/v2\/pages\/247\/revisions\/256"}],"wp:attachment":[{"href":"https:\/\/www.marmotte-wanderreisen.de\/Murmel5\/index.php\/wp-json\/wp\/v2\/media?parent=247"}],"curies":[{"name":"wp","href":"https:\/\/api.w.org\/{rel}","templated":true}]}}