{"id":261,"date":"2018-12-30T10:17:04","date_gmt":"2018-12-30T09:17:04","guid":{"rendered":"https:\/\/www.marmotte-wanderreisen.de\/Murmel5\/?page_id=261"},"modified":"2018-12-30T10:45:00","modified_gmt":"2018-12-30T09:45:00","slug":"mont-thabor-und-ecrins","status":"publish","type":"page","link":"https:\/\/www.marmotte-wanderreisen.de\/Murmel5\/index.php\/mont-thabor-und-ecrins\/","title":{"rendered":"Mont Thabor und \u00c9crins"},"content":{"rendered":"<div style=\"width: 80%;\">\n<p><span style=\"color: #ff0000;\"><strong><span style=\"color: #000000; font-family: times new roman, times, serif; font-size: 14pt;\">H\u00fcttenwanderung am Mont Thabor und im Parc National des \u00c9crins <\/span><\/strong><br \/>\n<\/span><\/p>\n<p>&nbsp;<\/p>\n<p><!-- [if gte mso 9]><xml>\n <w:WordDocument>\n  <w:View>Normal<\/w:View>\n  <w:Zoom>0<\/w:Zoom>\n  <w:HyphenationZone>21<\/w:HyphenationZone>\n  <w:PunctuationKerning\/>\n  <w:ValidateAgainstSchemas\/>\n  <w:SaveIfXMLInvalid>false<\/w:SaveIfXMLInvalid>\n  <w:IgnoreMixedContent>false<\/w:IgnoreMixedContent>\n  <w:AlwaysShowPlaceholderText>false<\/w:AlwaysShowPlaceholderText>\n  <w:Compatibility>\n   <w:BreakWrappedTables\/>\n   <w:SnapToGridInCell\/>\n   <w:WrapTextWithPunct\/>\n   <w:UseAsianBreakRules\/>\n   <w:DontGrowAutofit\/>\n  <\/w:Compatibility>\n  <w:BrowserLevel>MicrosoftInternetExplorer4<\/w:BrowserLevel>\n <\/w:WordDocument>\n<\/xml><![endif]--><!-- [if gte mso 9]><xml>\n <w:WordDocument>\n  <w:View>Normal<\/w:View>\n  <w:Zoom>0<\/w:Zoom>\n  <w:HyphenationZone>21<\/w:HyphenationZone>\n  <w:PunctuationKerning\/>\n  <w:ValidateAgainstSchemas\/>\n  <w:SaveIfXMLInvalid>false<\/w:SaveIfXMLInvalid>\n  <w:IgnoreMixedContent>false<\/w:IgnoreMixedContent>\n  <w:AlwaysShowPlaceholderText>false<\/w:AlwaysShowPlaceholderText>\n  <w:Compatibility>\n   <w:BreakWrappedTables\/>\n   <w:SnapToGridInCell\/>\n   <w:WrapTextWithPunct\/>\n   <w:UseAsianBreakRules\/>\n   <w:DontGrowAutofit\/>\n  <\/w:Compatibility>\n  <w:BrowserLevel>MicrosoftInternetExplorer4<\/w:BrowserLevel>\n <\/w:WordDocument>\n<\/xml><![endif]--><\/p>\n<p><img loading=\"lazy\" style=\"float: left; margin-right: 23px; margin-top: 36px; margin-bottom: 28px;\" src=\"\/sites\/default\/files\/f-P1020989.JPG\" width=\"201\" height=\"145\" \/><\/p>\n<p>&nbsp;<\/p>\n<p><!-- [if gte mso 9]><xml>\n <w:WordDocument>\n  <w:View>Normal<\/w:View>\n  <w:Zoom>0<\/w:Zoom>\n  <w:HyphenationZone>21<\/w:HyphenationZone>\n  <w:PunctuationKerning\/>\n  <w:ValidateAgainstSchemas\/>\n  <w:SaveIfXMLInvalid>false<\/w:SaveIfXMLInvalid>\n  <w:IgnoreMixedContent>false<\/w:IgnoreMixedContent>\n  <w:AlwaysShowPlaceholderText>false<\/w:AlwaysShowPlaceholderText>\n  <w:Compatibility>\n   <w:BreakWrappedTables\/>\n   <w:SnapToGridInCell\/>\n   <w:WrapTextWithPunct\/>\n   <w:UseAsianBreakRules\/>\n   <w:DontGrowAutofit\/>\n  <\/w:Compatibility>\n  <w:BrowserLevel>MicrosoftInternetExplorer4<\/w:BrowserLevel>\n <\/w:WordDocument>\n<\/xml><![endif]--><\/p>\n<p><!-- [if gte mso 9]><xml>\n <w:LatentStyles DefLockedState=\"false\" LatentStyleCount=\"156\">\n <\/w:LatentStyles>\n<\/xml><![endif]--><!-- [if gte mso 10]>\n\n\n<style>\n \/* Style Definitions *\/\n table.MsoNormalTable\n\t{mso-style-name:\"Normale Tabelle\";\n\tmso-tstyle-rowband-size:0;\n\tmso-tstyle-colband-size:0;\n\tmso-style-noshow:yes;\n\tmso-style-parent:\"\";\n\tmso-padding-alt:0cm 5.4pt 0cm 5.4pt;\n\tmso-para-margin:0cm;\n\tmso-para-margin-bottom:.0001pt;\n\tmso-pagination:widow-orphan;\n\tfont-size:10.0pt;\n\tfont-family:\"Times New Roman\";\n\tmso-ansi-language:#0400;\n\tmso-fareast-language:#0400;\n\tmso-bidi-language:#0400;}\n<\/style>\n\n\n<![endif]--><\/p>\n<p>&nbsp;<\/p>\n<p class=\"MsoNormal\"><span style=\"font-family: times new roman, times, serif; font-size: 12pt;\">Bei dieser wundersch\u00f6nen Wanderung von H\u00fctte zu H\u00fctte entdecken wir gleich zwei traumhafte Gebiete der franz\u00f6sischen Alpen.<\/span><\/p>\n<p>&nbsp;<\/p>\n<p><span style=\"font-family: times new roman, times, serif; font-size: 12pt;\">Die ersten vier Tage erwandern wir die landschaftlich sehr reizvolle und sehr besondere Berglandschaft des Mont Thabor.<\/span><\/p>\n<p>&nbsp;<\/p>\n<p><span style=\"font-family: times new roman, times, serif; font-size: 12pt;\">Dieser 3178 m hohe Berg dominiert das Gebiet zwischen dem Parc National de la Vanoise und dem Parc National des \u00c9crins.<big><big><img loading=\"lazy\" style=\"float: right; margin-top: 30px; margin-bottom: 30px;\" src=\"\/sites\/default\/files\/d-P1020971.JPG\" width=\"195\" height=\"146\" \/><\/big><\/big><\/span><\/p>\n<p>&nbsp;<\/p>\n<p><span style=\"font-family: times new roman, times, serif; font-size: 12pt;\">Wir entdecken hier zahlreiche Bergseen, interessante Felsformationen in verschiedenen Farben durch die <\/span><br \/>\n<span style=\"font-family: times new roman, times, serif; font-size: 12pt;\">Gesteine, freuen uns an sch\u00f6nen Bergwiesen und haben wunderbare Blicke \u00fcber die Berglandschaft und auf die Berge und Gletscher des benachbarten Vanoise-Nationalpark\u00a0\u00a0\u00a0 und das Massif der \u00c9crins mit dem <em><span style=\"font-style: normal; mso-bidi-font-style: italic;\">Pelvoux<\/span><\/em> (3943m) und dem <em><span style=\"font-style: normal; mso-bidi-font-style: italic;\">Barre des Ecrins<\/span><\/em> (4102m).<\/span><\/p>\n<p>&nbsp;<\/p>\n<p><span style=\"font-family: times new roman, times, serif; font-size: 12pt;\">Nach dem Abstieg in das sch\u00f6ne Tal La Vall\u00e9e de la Clar\u00e9e beenden wir unsere Tour am\u00a0 Mont Thabor und machen einen Transfer in die \u00c9crins zum Bergdorf Vallouise.<\/span><\/p>\n<p>&nbsp;<\/p>\n<p><span style=\"font-family: times new roman, times, serif; font-size: 12pt;\">Weiter f\u00fchrt uns nun unsere Wanderung durch die spektakul\u00e4re <img loading=\"lazy\" class=\"\" style=\"float: left; margin-right: 23px; margin-top: 20px; margin-bottom: 42px;\" src=\"\/sites\/default\/files\/k-P1030106.JPG\" width=\"149\" height=\"199\" \/>Landschaft des Parc National des \u00c9crins. Manche bezeichnen die Landschaft als \u201eLe dernier paradis sauvage\u201c (Das letzte wilde Paradies). Dieser Teil der Wanderung ist auch Teil des Fernwanderweges GR 54.<\/span><\/p>\n<p>&nbsp;<\/p>\n<p><span style=\"font-family: times new roman, times, serif; font-size: 12pt;\">Unser Weg f\u00fchrt uns landschaftlich abwechslungsreich \u00fcber steile P\u00e4sse mit tollen Panoramablicken, vorbei an beeindruckenden Felsformationen und Bergseen, durch gr\u00fcne T\u00e4ler mit zahlreichen Bergb\u00e4chen und Wasserf\u00e4llen und dann wieder in Landschaften, die ein wenig an eine Mondlandschaft erinnern.<\/span><\/p>\n<p>&nbsp;<\/p>\n<p><span style=\"font-family: times new roman, times, serif; font-size: 12pt;\">Auf dem Weg habe ich unz\u00e4hlige Murmeltiere gesehen, Gemsen und h\u00e4ufig konnte ich G\u00e4nsegeier beobachten.<\/span><\/p>\n<p>&nbsp;<\/p>\n<p><span style=\"font-family: times new roman, times, serif; font-size: 12pt;\">\u00dcbernachten werden wir auf gem\u00fctlichen Bergh\u00fctten und 3 \u00dcbernachtungen sind in kleinen\u00a0\u00a0\u00a0\u00a0\u00a0 Bergd\u00f6rfern in G\u00eetes.<\/span><\/p>\n<p>&nbsp;<\/p>\n<p>&nbsp;<\/p>\n<p>\n<span style=\"font-family: times new roman, times, serif;\"><span style=\"font-size: 11pt;\"><strong><span style=\"text-decoration: underline;\">Etappen<\/span><\/strong>:<br \/>\n12 Tagesetappen zwischen<\/span> <span style=\"font-size: 11pt;\">5,25 h<\/span><span style=\"font-size: 11pt;\"> &#8211; 8,75 h und max. 1260 hm im Aufstieg ( am letzten Tag 1350 hm).<span style=\"font-size: 11pt;\">\u00a0\u00a0\u00a0\u00a0\u00a0\u00a0\u00a0\u00a0\u00a0\u00a0\u00a0<\/span> <br \/>\nDie Etappen sind also zum Teil recht lang, d.h. eine gute Kondition und Trittsicherheit sind n\u00f6tig.\u00a0<\/span><\/span><\/p>\n<p>&nbsp;<\/p>\n<p><span style=\"font-size: 11pt; font-family: times new roman, times, serif;\"><strong><span style=\"text-decoration: underline;\">Schwierigkeit<\/span><\/strong>:\u00a0 mittel &#8211; anspruchsvoll<\/span><\/p>\n<p>&nbsp;<\/p>\n<p><span style=\"font-size: 11pt; font-family: times new roman, times, serif;\"><strong><span style=\"text-decoration: underline;\">Anforderungen<\/span><\/strong>: <\/span><br \/>\n<span style=\"font-family: times new roman, times, serif;\"><span style=\"font-size: 11pt;\">Trittsicherheit und Schwindelfreiheit, <\/span><span style=\"font-size: 11pt;\">Kondition entsprechend der Ausschreibung\u00a0\u00a0 <br \/>\nWanderung mit Gep\u00e4ck. Der Rucksack sollte nicht mehr als 11 kg wiegen.<br \/>\nDiese H\u00fcttentour ist nicht f\u00fcr Anf\u00e4ngerinnen geeignet. <br \/>\nSie ist f\u00fcr Teilnehmerinnen, die schon Bergwandererfahrung haben und die entsprech<\/span><span style=\"font-size: 11pt;\">ende Kondition und Trittsicherheit mitbringen.\u00a0<\/span><\/span><\/p>\n<p>&nbsp;<\/p>\n<p><span style=\"font-family: times new roman, times, serif;\"><span style=\"font-size: smaller;\"><span style=\"font-size: 11pt;\"><strong><span style=\"text-decoration: underline;\">Preis<\/span><\/strong>:<\/span><br \/>\n<\/span> <span style=\"font-size: 11pt;\">Euro \/\u00a0 Euro (AV-Mitfrauen)\u00a0 inkl. \u00dcbernachtung in H\u00fctten im Lager mit Halbpension\u00a0<br \/>\n(in den franz\u00f6sischenH\u00fctten beinhaltet die Halbpension ein 4-5 G\u00e4nge-Men\u00fc)<br \/>\nDer Transfer aus dem Vall\u00e9e Clar\u00e9e nach Vallouise ist im Preis inbegriffen.<\/span><\/span><\/p>\n<p>&nbsp;<\/p>\n<p><span style=\"font-family: times new roman, times, serif; font-size: 14pt;\"><strong><small><span style=\"text-decoration: underline;\">Anreise<\/span><\/small><\/strong><small>:\u00a0 entweder mit dem Zug &#8211; ich helfe gerne bei der Organisation und Bildung von Fahrgemeinschaften<br \/>\n\u00a0\u00a0\u00a0\u00a0\u00a0\u00a0\u00a0\u00a0\u00a0\u00a0\u00a0\u00a0\u00a0 \u00a0 oder \u00a0 \u00a0 \u00a0\u00a0 mit dem Flugzeug und weiter mit dem Zug und Bus.<\/small><\/span><\/p>\n<p>&nbsp;<\/p>\n<p><span style=\"text-decoration: underline; font-family: times new roman, times, serif; font-size: 11pt;\"><strong>Termin<\/strong><\/span><span style=\"font-family: times new roman, times, serif;\"><span style=\"font-size: 14pt;\">:<\/span>\u00a0 <span style=\"font-size: 11pt;\">Diese sch\u00f6ne Reise habe ich dieses Jahr leider nicht im Programm.<\/span> <\/span><br \/>\n\u00a0\u00a0\u00a0\u00a0\u00a0\u00a0\u00a0\u00a0 \u00a0 \u00a0\u00a0 <span style=\"font-size: 11pt; font-family: times new roman, times, serif;\">2020 werde ich sie wieder anbieten.<\/span><br \/>\n\u00a0<\/p>\n<p>&nbsp;<\/p>\n<p><span style=\"font-size: 11pt; font-family: times new roman, times, serif;\"><small>Diese Tour biete ich f\u00fcr Frauen an. <\/small><\/span><\/p>\n<p><span style=\"font-size: 11pt; font-family: times new roman, times, serif;\"><small><big>\u00a0<\/big><\/small><\/span><span style=\"font-size: 10pt;\"><span style=\"font-family: times new roman, times, serif;\"><small><big>\u00a0\u00a0 <\/big><\/small><\/span><br \/>\n<\/span><\/p>\n<p><img loading=\"lazy\" class=\"\" src=\"\/sites\/default\/files\/c-P1020964.JPG\" width=\"124\" height=\"93\" \/><img loading=\"lazy\" class=\"\" src=\"\/sites\/default\/files\/q-P1060953.JPG\" width=\"124\" height=\"93\" \/><img loading=\"lazy\" class=\"\" src=\"\/sites\/default\/files\/r-P1070031.JPG\" width=\"124\" height=\"93\" \/><img loading=\"lazy\" class=\"\" src=\"\/sites\/default\/files\/d-P1020971_0.JPG\" width=\"125\" height=\"94\" \/><span style=\"font-size: smaller;\"><img loading=\"lazy\" class=\"\" src=\"\/sites\/default\/files\/e-P1020984.JPG\" width=\"128\" height=\"92\" \/><\/span><img loading=\"lazy\" class=\"\" src=\"\/sites\/default\/files\/f-P1020989_0.JPG\" width=\"124\" height=\"93\" \/><img loading=\"lazy\" class=\"\" src=\"\/sites\/default\/files\/p-P1060935.JPG\" width=\"122\" height=\"92\" \/><img loading=\"lazy\" class=\"\" src=\"\/sites\/default\/files\/s-P1070062.JPG\" width=\"133\" height=\"93\" \/><img loading=\"lazy\" class=\"\" src=\"\/sites\/default\/files\/n-P1030163.JPG\" width=\"123\" height=\"93\" \/><big><big><span style=\"font-size: small;\"><img loading=\"lazy\" class=\"\" src=\"\/sites\/default\/files\/b-DSCI0078.JPG\" width=\"125\" height=\"94\" \/><\/span><\/big><\/big><img loading=\"lazy\" class=\"\" src=\"\/sites\/default\/files\/a-DSCI0016.JPG\" width=\"124\" height=\"93\" \/><img loading=\"lazy\" class=\"\" src=\"\/sites\/default\/files\/g-P1030036.JPG\" width=\"123\" height=\"92\" \/><img loading=\"lazy\" class=\"\" src=\"\/sites\/default\/files\/h-P1030047.JPG\" width=\"132\" height=\"99\" \/><img loading=\"lazy\" class=\"\" src=\"\/sites\/default\/files\/i-P1030054.JPG\" width=\"131\" height=\"99\" \/><img loading=\"lazy\" class=\"\" src=\"\/sites\/default\/files\/j-P1030069.JPG\" width=\"128\" height=\"96\" \/><img loading=\"lazy\" style=\"width: 121px; height: 98px;\" src=\"\/sites\/default\/files\/o-P1030175.JPG\" width=\"260\" height=\"195\" \/><br \/>\n<img loading=\"lazy\" style=\"float: right; margin-top: 23px; margin-bottom: 23px;\" src=\"\/sites\/default\/files\/l-P1030111.JPG\" width=\"121\" height=\"95\" \/><\/p>\n<p><big><big>\u00a0<\/big><\/big><\/p>\n<p>&nbsp;<\/p>\n<p>&nbsp;<\/p>\n<p>&nbsp;<\/p>\n<p>&nbsp;<\/p>\n<p><span style=\"text-decoration: underline;\"><span style=\"font-size: smaller;\"><strong>\u00a0<\/strong><\/span><\/span><\/p>\n<p><big><big>\u00a0<\/big><\/big><\/p>\n<\/div>\n","protected":false},"excerpt":{"rendered":"<p>H\u00fcttenwanderung am Mont Thabor und im Parc National des \u00c9crins &nbsp; &nbsp; &nbsp; Bei dieser wundersch\u00f6nen Wanderung von H\u00fctte zu H\u00fctte entdecken wir gleich zwei traumhafte Gebiete der franz\u00f6sischen Alpen. &nbsp; Die ersten vier Tage erwandern wir die landschaftlich sehr reizvolle und sehr besondere Berglandschaft des Mont Thabor. &nbsp; Dieser 3178 m hohe Berg dominiert &hellip; <a href=\"https:\/\/www.marmotte-wanderreisen.de\/Murmel5\/index.php\/mont-thabor-und-ecrins\/\" class=\"more-link\"><span class=\"screen-reader-text\">&#8222;Mont Thabor und \u00c9crins&#8220; <\/span>weiterlesen<\/a><\/p>\n","protected":false},"author":1,"featured_media":0,"parent":0,"menu_order":0,"comment_status":"closed","ping_status":"closed","template":"","meta":[],"_links":{"self":[{"href":"https:\/\/www.marmotte-wanderreisen.de\/Murmel5\/index.php\/wp-json\/wp\/v2\/pages\/261"}],"collection":[{"href":"https:\/\/www.marmotte-wanderreisen.de\/Murmel5\/index.php\/wp-json\/wp\/v2\/pages"}],"about":[{"href":"https:\/\/www.marmotte-wanderreisen.de\/Murmel5\/index.php\/wp-json\/wp\/v2\/types\/page"}],"author":[{"embeddable":true,"href":"https:\/\/www.marmotte-wanderreisen.de\/Murmel5\/index.php\/wp-json\/wp\/v2\/users\/1"}],"replies":[{"embeddable":true,"href":"https:\/\/www.marmotte-wanderreisen.de\/Murmel5\/index.php\/wp-json\/wp\/v2\/comments?post=261"}],"version-history":[{"count":12,"href":"https:\/\/www.marmotte-wanderreisen.de\/Murmel5\/index.php\/wp-json\/wp\/v2\/pages\/261\/revisions"}],"predecessor-version":[{"id":274,"href":"https:\/\/www.marmotte-wanderreisen.de\/Murmel5\/index.php\/wp-json\/wp\/v2\/pages\/261\/revisions\/274"}],"wp:attachment":[{"href":"https:\/\/www.marmotte-wanderreisen.de\/Murmel5\/index.php\/wp-json\/wp\/v2\/media?parent=261"}],"curies":[{"name":"wp","href":"https:\/\/api.w.org\/{rel}","templated":true}]}}