{"id":317,"date":"2018-12-30T13:02:59","date_gmt":"2018-12-30T12:02:59","guid":{"rendered":"https:\/\/www.marmotte-wanderreisen.de\/Murmel5\/?page_id=317"},"modified":"2019-04-01T09:20:13","modified_gmt":"2019-04-01T07:20:13","slug":"wanderwochenenden","status":"publish","type":"page","link":"https:\/\/www.marmotte-wanderreisen.de\/Murmel5\/index.php\/wanderwochenenden\/","title":{"rendered":"Wanderwochenenden"},"content":{"rendered":"<div style=\"width: 80%;\">\n<p>&nbsp;<\/p>\n<p><strong><span style=\"font-family: times new roman, times, serif; font-size: 12pt;\">Verl\u00e4ngerte Wanderwochenenden<\/span><\/strong><\/div>\n<div>\u00a0<\/div>\n<div>\u00a0<\/div>\n<div style=\"width: 80%;\">\n<p>&nbsp;<\/p>\n<table style=\"width: 735px; height: 111px; background-color: #ffffff;\" border=\"1\" summary=\"Termine und Preise\" cellspacing=\"3\" cellpadding=\"3\">\n<tbody>\n<tr style=\"height: 40px; background-color: #ffffff;\">\n<td style=\"width: 156.933px; vertical-align: middle; height: 30px;\"><a href=\"https:\/\/www.marmotte-wanderreisen.de\/Murmel5\/index.php\/boehmische-schweiz\/\"><span style=\"font-size: small;\">B\u00f6hmische Schweiz<\/span><\/a><\/td>\n<td style=\"width: 118.733px; vertical-align: middle; height: 30px;\"><span style=\"font-size: small;\">03.05.-06.05.2019<\/span><\/td>\n<td style=\"width: 57.4px; vertical-align: middle; height: 30px;\"><span style=\"font-size: small;\">\u00a04 Tage<\/span><\/td>\n<td style=\"width: 113.7px; vertical-align: middle; height: 30px;\"><span style=\"font-size: small;\"><span style=\"font-size: small;\"><span style=\"font-size: small;\"><span style=\"font-size: small;\">\u00a0<\/span><\/span><span style=\"font-size: small;\">355,-<\/span><span style=\"font-size: small;\">\u20ac<\/span><\/span><\/span><\/td>\n<td style=\"width: 42.3167px; vertical-align: middle; height: 30px;\"><span style=\"font-size: small;\"><span style=\"font-size: small; background-color: #ffffff;\"><span style=\"font-size: small; background-color: #ffffff;\">\u00dc\/F<\/span><\/span><\/span><\/td>\n<td style=\"width: 82.5333px; vertical-align: middle; height: 30px;\"><span style=\"font-size: small;\"><span style=\"font-size: small; background-color: #ffffff;\"><span style=\"font-size: small; background-color: #ffffff;\">leicht-mittel<\/span><\/span><\/span><\/td>\n<td style=\"width: 57.3833px; vertical-align: middle; height: 30px;\"><span style=\"font-size: x-small;\"><span style=\"font-size: x-small;\"><span style=\"font-size: x-small;\">f\u00fcr Frauen<\/span><\/span><\/span><\/td>\n<\/tr>\n<tr style=\"height: 40px; background-color: #dff4b9;\">\n<td style=\"width: 156.933px; vertical-align: middle; height: 30px;\"><a href=\"https:\/\/www.marmotte-wanderreisen.de\/Murmel5\/index.php\/fraenkischeschweiz\/\"><span style=\"font-size: small;\">Fr\u00e4nkische Schweiz<\/span><\/a><\/td>\n<td style=\"width: 118.733px; vertical-align: middle; height: 30px;\"><span style=\"font-size: small;\">23.05.-27.05.2019<\/span><\/td>\n<td style=\"width: 57.4px; vertical-align: middle; height: 30px;\"><span style=\"font-size: small;\">\u00a05 Tage<\/span><\/td>\n<td style=\"width: 113.7px; vertical-align: middle; height: 30px;\"><span style=\"font-size: small;\"><span style=\"font-size: small;\">\u00a0<\/span><\/span><span style=\"font-size: small;\">495,-<\/span><span style=\"font-size: small;\">\u20ac<\/span><\/td>\n<td style=\"width: 42.3167px; vertical-align: middle; height: 30px;\"><span style=\"font-size: small;\">\u00dc\/F<\/span><\/td>\n<td style=\"width: 82.5333px; vertical-align: middle; height: 30px;\"><span style=\"font-size: small;\">leicht-mittel<\/span><\/td>\n<td style=\"width: 57.3833px; vertical-align: middle; height: 30px;\"><span style=\"font-size: x-small;\">f\u00fcr Frauen<\/span><\/td>\n<\/tr>\n<tr style=\"height: 40px;\">\n<td style=\"width: 156.933px; vertical-align: middle; height: 30px;\"><a href=\"http:\/\/www.marmotte-wanderreisen.de\/Harz\"><span style=\"font-size: small;\">Harz<\/span><\/a><\/td>\n<td style=\"width: 118.733px; vertical-align: middle; height: 30px;\"><span style=\"background-color: #ffffff;\"><span style=\"font-size: small;\"><span style=\"color: #888888; font-size: x-small;\">2019 nicht im Programm<\/span><br \/>\n<\/span><\/span><\/td>\n<td style=\"width: 57.4px; vertical-align: middle; height: 30px;\"><span style=\"background-color: #ffffff; color: #888888;\">\u00a0<span style=\"font-size: small;\">4 Tage<\/span><\/span><\/td>\n<td style=\"width: 113.7px; vertical-align: middle; height: 30px;\"><span style=\"color: #888888;\"><span style=\"font-size: small;\">\u00a0<\/span> <\/span><\/td>\n<td style=\"width: 42.3167px; vertical-align: middle; height: 30px;\"><span style=\"font-size: small; background-color: #ffffff; color: #888888;\">\u00dc\/F<\/span><\/td>\n<td style=\"width: 82.5333px; vertical-align: middle; height: 30px;\"><span style=\"font-size: small; background-color: #ffffff; color: #888888;\">leicht-mittel<\/span><\/td>\n<td style=\"width: 57.3833px; vertical-align: middle; height: 30px;\"><span style=\"font-size: x-small; color: #888888;\">f\u00fcr Frauen<\/span><\/td>\n<\/tr>\n<tr style=\"height: 40px; background-color: #dff4b9;\">\n<td style=\"width: 156.933px; vertical-align: middle; height: 30px;\"><a href=\"https:\/\/www.marmotte-wanderreisen.de\/Murmel5\/index.php\/naturpark-pfaelzer-wald\/\"><span style=\"font-size: small;\">Naturpark Pf\u00e4lzer Wald<\/span><\/a><\/td>\n<td style=\"width: 118.733px; vertical-align: middle; height: 30px;\"><span style=\"font-size: small;\">19.09.-23.09.2019<\/span><\/td>\n<td style=\"width: 57.4px; vertical-align: middle; height: 30px;\">\u00a0<span style=\"font-size: small;\">5 Tage<\/span><\/td>\n<td style=\"width: 113.7px; vertical-align: middle; height: 30px;\"><span style=\"font-size: small;\"><span style=\"font-size: small;\">\u00a0<\/span><\/span><span style=\"font-size: small;\">495,-<\/span><span style=\"font-size: small;\">\u20ac<\/span><\/td>\n<td style=\"width: 42.3167px; vertical-align: middle; height: 30px;\"><span style=\"font-size: small;\">\u00dc\/F<\/span><\/td>\n<td style=\"width: 82.5333px; vertical-align: middle; height: 30px;\"><span style=\"font-size: small;\">leicht-mittel<\/span><\/td>\n<td style=\"width: 57.3833px; vertical-align: middle; height: 30px;\"><span style=\"font-size: x-small;\">f\u00fcr Frauen<\/span><\/td>\n<\/tr>\n<tr style=\"height: 40px; background-color: #dff4b9;\">\n<td style=\"width: 156.933px; background-color: #ffffff; vertical-align: middle; height: 30px;\"><a href=\"https:\/\/www.marmotte-wanderreisen.de\/Murmel5\/index.php\/saechsischeschweiz\/\"><span style=\"font-size: small;\">S\u00e4chsische Schweiz<\/span><\/a><\/td>\n<td style=\"background-color: #ffffff; vertical-align: middle; height: 30px; width: 118.733px;\"><span style=\"font-size: small;\">11.10.-14.10.2019<\/span><\/td>\n<td style=\"background-color: #ffffff; vertical-align: middle; height: 30px; width: 57.4px;\"><span style=\"font-size: small;\">\u00a04 Tage<\/span><\/td>\n<td style=\"background-color: #ffffff; vertical-align: middle; height: 30px; width: 113.7px;\"><span style=\"font-size: small;\"><span style=\"font-size: small;\">\u00a0<\/span><\/span><span style=\"font-size: small;\">415,-<\/span><span style=\"font-size: small;\">\u20ac<\/span><\/td>\n<td style=\"background-color: #ffffff; vertical-align: middle; height: 30px; width: 42.3167px;\"><span style=\"font-size: small; background-color: #ffffff;\"><span style=\"font-size: small; background-color: #ffffff;\">\u00dc\/F<\/span><\/span><\/td>\n<td style=\"background-color: #ffffff; vertical-align: middle; height: 30px; width: 82.5333px;\"><span style=\"font-size: small; background-color: #ffffff;\"><span style=\"font-size: small; background-color: #ffffff;\">leicht-mittel<\/span><\/span><\/td>\n<td style=\"background-color: #ffffff; vertical-align: middle; height: 30px; width: 57.3833px;\"><span style=\"font-size: x-small;\"><span style=\"font-size: x-small;\">f\u00fcr Frauen<\/span><\/span><\/td>\n<\/tr>\n<tr style=\"height: 40px; background-color: #dff4b9;\">\n<td style=\"width: 156.933px; background-color: #e1f2bc; vertical-align: middle; height: 30px;\"><a href=\"https:\/\/www.marmotte-wanderreisen.de\/Murmel5\/index.php\/zittauergebirge\/\"><span style=\"font-size: small;\">Zittauer Gebirge<\/span><\/a><\/td>\n<td style=\"background-color: #e1f2bc; vertical-align: middle; height: 30px; width: 118.733px;\"><span style=\"font-size: small;\">17.10.-20.10.2019<\/span><\/td>\n<td style=\"background-color: #e1f2bc; vertical-align: middle; height: 30px; width: 57.4px;\"><span style=\"font-size: small;\">\u00a04 Tage<\/span><\/td>\n<td style=\"background-color: #e1f2bc; vertical-align: middle; height: 30px; width: 113.7px;\"><span style=\"font-size: small;\">\u00a0365,-<\/span><span style=\"font-size: small;\">\u20ac <\/span><span style=\"font-size: small;\"><span style=\"font-size: x-small;\"><span style=\"font-size: 9px;\">\/ <\/span><\/span><span style=\"font-size: x-small;\">345,-<\/span><\/span><span style=\"font-size: x-small;\">\u20ac<\/span><\/td>\n<td style=\"background-color: #e1f2bc; vertical-align: middle; height: 30px; width: 42.3167px;\"><span style=\"font-size: small;\">\u00dc\/F<\/span><\/td>\n<td style=\"background-color: #e1f2bc; vertical-align: middle; height: 30px; width: 82.5333px;\"><span style=\"font-size: small;\">leicht-mittel<\/span><\/td>\n<td style=\"background-color: #e1f2bc; vertical-align: middle; height: 30px; width: 57.3833px;\"><span style=\"font-size: x-small;\"><span style=\"font-size: x-small;\">f\u00fcr Frauen<\/span><\/span><\/td>\n<\/tr>\n<\/tbody>\n<\/table>\n<p class=\"MsoNormal\">\u00a0<\/p>\n<p class=\"MsoNormal\"><span style=\"font-size: small;\"><strong>Leistungen<\/strong>:\u00a0 im Preis enthalten sind Unterkunft mit Fr\u00fchst\u00fcck\u00a0 (\u00dc\/F), Wanderf\u00fchrung, Ausr\u00fcstungsberatung.<\/span><\/p>\n<p>&nbsp;<\/p>\n<p><span style=\"font-size: small;\"><strong>weitere Leistungen<\/strong>: Hilfe bei der Organisation der Anreise und der Bildung von Fahrgemeinschaften. <br \/>\n<\/span><\/p>\n<p><span style=\"font-size: small;\"><strong>\u00a0<\/strong><\/span><\/p>\n<p><span style=\"font-size: small;\"><strong>Hinweis und Bitte<\/strong>:\u00a0 eine fr\u00fchzeitige Anmeldung erleichtert die Organisation. Die H\u00fctten und Pensionen sind h\u00e4ufig recht klein, <br \/>\nso dass die WirtInnen gerne zeitig Bescheid wissen. Zudem sind die Anreisekosten bei l\u00e4ngerer Vorausbuchung meist wesentlich g\u00fcnstiger.<\/span><\/p>\n<p>&nbsp;<\/p>\n<p>&nbsp;<\/p>\n<\/div>\n","protected":false},"excerpt":{"rendered":"<p>&nbsp; Verl\u00e4ngerte Wanderwochenenden \u00a0 \u00a0 &nbsp; B\u00f6hmische Schweiz 03.05.-06.05.2019 \u00a04 Tage \u00a0355,-\u20ac \u00dc\/F leicht-mittel f\u00fcr Frauen Fr\u00e4nkische Schweiz 23.05.-27.05.2019 \u00a05 Tage \u00a0495,-\u20ac \u00dc\/F leicht-mittel f\u00fcr Frauen Harz 2019 nicht im Programm \u00a04 Tage \u00a0 \u00dc\/F leicht-mittel f\u00fcr Frauen Naturpark Pf\u00e4lzer Wald 19.09.-23.09.2019 \u00a05 Tage \u00a0495,-\u20ac \u00dc\/F leicht-mittel f\u00fcr Frauen S\u00e4chsische Schweiz 11.10.-14.10.2019 \u00a04 Tage \u00a0415,-\u20ac &hellip; <a href=\"https:\/\/www.marmotte-wanderreisen.de\/Murmel5\/index.php\/wanderwochenenden\/\" class=\"more-link\"><span class=\"screen-reader-text\">&#8222;Wanderwochenenden&#8220; <\/span>weiterlesen<\/a><\/p>\n","protected":false},"author":1,"featured_media":0,"parent":0,"menu_order":0,"comment_status":"closed","ping_status":"closed","template":"","meta":[],"_links":{"self":[{"href":"https:\/\/www.marmotte-wanderreisen.de\/Murmel5\/index.php\/wp-json\/wp\/v2\/pages\/317"}],"collection":[{"href":"https:\/\/www.marmotte-wanderreisen.de\/Murmel5\/index.php\/wp-json\/wp\/v2\/pages"}],"about":[{"href":"https:\/\/www.marmotte-wanderreisen.de\/Murmel5\/index.php\/wp-json\/wp\/v2\/types\/page"}],"author":[{"embeddable":true,"href":"https:\/\/www.marmotte-wanderreisen.de\/Murmel5\/index.php\/wp-json\/wp\/v2\/users\/1"}],"replies":[{"embeddable":true,"href":"https:\/\/www.marmotte-wanderreisen.de\/Murmel5\/index.php\/wp-json\/wp\/v2\/comments?post=317"}],"version-history":[{"count":12,"href":"https:\/\/www.marmotte-wanderreisen.de\/Murmel5\/index.php\/wp-json\/wp\/v2\/pages\/317\/revisions"}],"predecessor-version":[{"id":742,"href":"https:\/\/www.marmotte-wanderreisen.de\/Murmel5\/index.php\/wp-json\/wp\/v2\/pages\/317\/revisions\/742"}],"wp:attachment":[{"href":"https:\/\/www.marmotte-wanderreisen.de\/Murmel5\/index.php\/wp-json\/wp\/v2\/media?parent=317"}],"curies":[{"name":"wp","href":"https:\/\/api.w.org\/{rel}","templated":true}]}}