{"id":346,"date":"2018-12-30T13:48:30","date_gmt":"2018-12-30T12:48:30","guid":{"rendered":"https:\/\/www.marmotte-wanderreisen.de\/Murmel5\/?page_id=346"},"modified":"2019-04-01T09:15:24","modified_gmt":"2019-04-01T07:15:24","slug":"boehmische-schweiz","status":"publish","type":"page","link":"https:\/\/www.marmotte-wanderreisen.de\/Murmel5\/index.php\/boehmische-schweiz\/","title":{"rendered":"B\u00f6hmische Schweiz"},"content":{"rendered":"<div style=\"width: 80%;\"><strong><span style=\"font-family: times new roman, times, serif; font-size: 12pt;\">B\u00f6hmische Schweiz (Elbsandsteingebirge)<\/span><\/strong><\/p>\n<p><!-- [if gte mso 9]><xml>\n <w:WordDocument>\n  <w:View>Normal<\/w:View>\n  <w:Zoom>0<\/w:Zoom>\n  <w:HyphenationZone>21<\/w:HyphenationZone>\n  <w:PunctuationKerning\/>\n  <w:ValidateAgainstSchemas\/>\n  <w:SaveIfXMLInvalid>false<\/w:SaveIfXMLInvalid>\n  <w:IgnoreMixedContent>false<\/w:IgnoreMixedContent>\n  <w:AlwaysShowPlaceholderText>false<\/w:AlwaysShowPlaceholderText>\n  <w:Compatibility>\n   <w:BreakWrappedTables\/>\n   <w:SnapToGridInCell\/>\n   <w:WrapTextWithPunct\/>\n   <w:UseAsianBreakRules\/>\n   <w:DontGrowAutofit\/>\n  <\/w:Compatibility>\n  <w:BrowserLevel>MicrosoftInternetExplorer4<\/w:BrowserLevel>\n <\/w:WordDocument>\n<\/xml><![endif]--><\/p>\n<p><!-- [if gte mso 9]><xml>\n <w:LatentStyles DefLockedState=\"false\" LatentStyleCount=\"156\">\n <\/w:LatentStyles>\n<\/xml><![endif]--><!-- [if gte mso 10]>\n\n\n<style>\n \/* Style Definitions *\/\n table.MsoNormalTable\n\t{mso-style-name:\"Normale Tabelle\";\n\tmso-tstyle-rowband-size:0;\n\tmso-tstyle-colband-size:0;\n\tmso-style-noshow:yes;\n\tmso-style-parent:\"\";\n\tmso-padding-alt:0cm 5.4pt 0cm 5.4pt;\n\tmso-para-margin:0cm;\n\tmso-para-margin-bottom:.0001pt;\n\tmso-pagination:widow-orphan;\n\tfont-size:10.0pt;\n\tfont-family:\"Times New Roman\";\n\tmso-ansi-language:#0400;\n\tmso-fareast-language:#0400;\n\tmso-bidi-language:#0400;}\n<\/style>\n\n\n<![endif]--><\/p>\n<p><span style=\"color: #ff0000;\"><span style=\"color: #ff6600;\">Achtung! Anmeldungen f\u00fcr diese sch\u00f6ne Reise bitte bis sp\u00e4testens morgen, den 2. April<\/span> <br \/>\n<\/span><\/p>\n<p>&nbsp;<\/p>\n<p><img style=\"width: 175px; height: 132px; float: right; margin-left: 10px; margin-bottom: 10px;\" src=\"\/userfiles\/image\/B%C3%B6hm_100_0600.JPG\" alt=\"\" \/><span style=\"font-family: times new roman, times, serif; font-size: 12pt;\">Der Nationalpark B\u00f6hmische Schweiz, das ist der tschechische Teil des <\/span><br \/>\n<span style=\"font-family: times new roman, times, serif; font-size: 12pt;\">Elbsandsteingebirges, erweckt oft den Eindruck, in einer anderen Welt zu sein. <\/span><br \/>\n<span style=\"font-family: times new roman, times, serif; font-size: 12pt;\">Aufragende bizarre Felsenformationen, enge Schluchten, Klammen und Felsenburgen\u00a0 <\/span><br \/>\n<span style=\"font-family: times new roman, times, serif; font-size: 12pt;\">lassen die Landschaft unwirklich wirken, ein bi\u00dfchen wie einen M\u00e4rchenwald.\u00a0<\/span><\/p>\n<p>&nbsp;<\/p>\n<p><span style=\"font-family: times new roman, times, serif; font-size: 12pt;\"><img style=\"width: 123px; height: 172px; float: left; margin-right: 25px; margin-bottom: 10px;\" src=\"\/userfiles\/image\/Turm%20100_0396.JPG\" alt=\"\" \/><\/span><\/p>\n<p><span style=\"font-family: times new roman, times, serif; font-size: 12pt;\">Wir \u00fcbernachten in einer kleinen Pension in Jet\u0159ichovice, einem traditionellen b\u00f6hmischen Dorf mit zahlreichen Umgebinde- und Fachwerkh\u00e4usern.<\/span><\/p>\n<p>\n<span style=\"font-family: times new roman, times, serif; font-size: 12pt;\">Von dort aus unternehmen wir Tageswanderungen, wie\u00a0 zum ber\u00fchmten Prebischtor (gr\u00f6\u00dfte Sandsteinbr\u00fccke Mitteleuropas), zur alten R\u00e4uberburg \u0160aun\u0161tein, zum Aussichtsfelsen Mariina Skala,\u00a0 verbinden eine Wanderung mit einer Kahnfahrt durch die\u00a0 Wilde Klamm und lassen die Abende gem\u00fctlich ausklingen.<\/span><\/p>\n<p>&nbsp;<\/p>\n<p><span style=\"font-family: times new roman, times, serif;\">\u00a0<\/span><\/p>\n<p>&nbsp;<\/p>\n<p><span style=\"font-family: times new roman, times, serif;\"><span style=\"font-size: smaller;\"><img loading=\"lazy\" src=\"\/userfiles\/image\/AuswahlB%C3%B6hmisch%20Webseite_55.jpg\" alt=\"\" width=\"142\" height=\"107\" align=\"right\" \/><\/span><\/span><\/p>\n<p>&nbsp;<\/p>\n<p>&nbsp;<\/p>\n<p>&nbsp;<\/p>\n<p><span style=\"font-family: times new roman, times, serif;\"><span style=\"font-size: 11pt;\"><strong><span style=\"text-decoration: underline;\">Tourenl\u00e4ngen<\/span><\/strong>: zwischen 15 und 20 km, d.h. am An- und Abreisetag entsprechend etwas k\u00fcrzer. <\/span><span style=\"font-size: 11pt;\"><br \/>\nWir wandern an allen 4 Tagen. <\/span><\/span><\/p>\n<p>&nbsp;<\/p>\n<p><span style=\"font-family: times new roman, times, serif;\"><span style=\"font-size: 11pt;\"><strong><span style=\"text-decoration: underline;\">Preis<\/span><\/strong>:\u00a0 355,- <\/span><span style=\"font-size: 11pt;\">\u20ac\u00a0 inkl. \u00dcbernachtung mit Fr\u00fchst\u00fcck in 2-Bettzimmern<\/span><\/span><\/p>\n<p>&nbsp;<\/p>\n<p><span style=\"font-size: 11pt; font-family: times new roman, times, serif;\"><strong><span style=\"text-decoration: underline;\">Anreise<\/span><\/strong>:\u00a0 mit dem Zug oder in Fahrgemeinschaften &#8211; ich helfe gerne beim Organisieren<\/span><\/p>\n<p>&nbsp;<\/p>\n<p><span style=\"font-size: 11pt; font-family: times new roman, times, serif;\"><strong><span style=\"text-decoration: underline;\">Termine<\/span><\/strong>: 03.-06. Mai 2019 \u00a0 \u00a0<\/span><\/p>\n<p>&nbsp;<\/p>\n<p><span style=\"font-size: 11pt; font-family: times new roman, times, serif;\"> \u00a0\u00a0 <\/span><\/p>\n<p><span style=\"font-family: times new roman, times, serif;\">\u00a0<span style=\"font-size: 11pt;\">\u00a0\u00a0\u00a0\u00a0\u00a0\u00a0\u00a0\u00a0\u00a0\u00a0\u00a0\u00a0\u00a0\u00a0\u00a0\u00a0\u00a0\u00a0\u00a0\u00a0\u00a0\u00a0\u00a0\u00a0\u00a0\u00a0\u00a0\u00a0\u00a0\u00a0\u00a0\u00a0\u00a0\u00a0\u00a0\u00a0\u00a0\u00a0\u00a0\u00a0\u00a0\u00a0\u00a0\u00a0\u00a0\u00a0\u00a0\u00a0\u00a0\u00a0\u00a0\u00a0\u00a0\u00a0\u00a0\u00a0\u00a0\u00a0\u00a0\u00a0\u00a0\u00a0\u00a0\u00a0\u00a0\u00a0\u00a0\u00a0\u00a0\u00a0\u00a0\u00a0\u00a0\u00a0\u00a0\u00a0\u00a0\u00a0\u00a0\u00a0\u00a0\u00a0\u00a0\u00a0\u00a0\u00a0\u00a0\u00a0\u00a0\u00a0\u00a0\u00a0\u00a0\u00a0 <\/span><\/span><\/p>\n<p><span style=\"font-size: 11pt; font-family: times new roman, times, serif;\"><small><big>Diese Wanderwochenenden biete ich f\u00fcr Frauen an.\u00a0\u00a0<\/big><\/small><\/span><\/p>\n<p>&nbsp;<\/p>\n<p><span style=\"font-size: smaller;\"><img class=\"\" style=\"width: 173px; height: 130px;\" src=\"\/userfiles\/image\/Auswahl%203B%C3%B6hmisch%20Webseite_00.jpg\" alt=\"\" \/><\/span><span style=\"font-size: smaller;\"><img class=\"\" style=\"width: 171px; height: 129px;\" src=\"\/userfiles\/image\/Auswahl%20B%C3%B6hmisch%20Webseite_00.jpg\" alt=\"\" \/><\/span><span style=\"font-size: smaller;\"><img class=\"\" style=\"width: 173px; height: 129px;\" src=\"\/userfiles\/image\/AuswahlB%C3%B6hmisch%20Webseite_57.jpg\" alt=\"\" \/><\/span><span style=\"font-size: smaller;\"><img class=\"\" style=\"width: 176px; height: 131px;\" src=\"\/userfiles\/image\/AuswahlB%C3%B6hmisch%20Webseite_17.jpg\" alt=\"\" \/><\/span><span style=\"font-size: smaller;\"><img class=\"alignnone\" style=\"width: 125px; height: 176px;\" src=\"\/userfiles\/image\/AuswahlB%C3%B6hmisch%20Webseite_52.jpg\" alt=\"\" \/><\/span><span style=\"font-size: smaller;\"><img loading=\"lazy\" src=\"\/userfiles\/image\/AuswahlB%C3%B6hmisch%20Webseite_35.jpg\" alt=\"\" width=\"154\" height=\"123\" \/><\/span><span style=\"font-size: smaller;\"><img class=\"\" style=\"width: 131px; height: 179px;\" src=\"\/userfiles\/image\/AuswahlB%C3%B6hmisch%20Webseite_43.jpg\" alt=\"\" \/><\/span><span style=\"font-size: smaller;\"><img style=\"width: 163px; height: 122px;\" src=\"\/userfiles\/image\/AuswahlB%C3%B6hmisch%20Webseite_63.jpg\" alt=\"\" \/><\/span><span style=\"font-size: smaller;\"><img class=\"\" style=\"width: 120px; height: 176px;\" src=\"\/userfiles\/image\/AuswahlB%C3%B6hmisch%20Webseite_24.jpg\" alt=\"\" \/><\/span><\/p>\n<p>&nbsp;<\/p>\n<p>&nbsp;<\/p>\n<p>&nbsp;<\/p>\n<\/div>\n","protected":false},"excerpt":{"rendered":"<p>B\u00f6hmische Schweiz (Elbsandsteingebirge) Achtung! Anmeldungen f\u00fcr diese sch\u00f6ne Reise bitte bis sp\u00e4testens morgen, den 2. April &nbsp; Der Nationalpark B\u00f6hmische Schweiz, das ist der tschechische Teil des Elbsandsteingebirges, erweckt oft den Eindruck, in einer anderen Welt zu sein. Aufragende bizarre Felsenformationen, enge Schluchten, Klammen und Felsenburgen\u00a0 lassen die Landschaft unwirklich wirken, ein bi\u00dfchen wie einen &hellip; <a href=\"https:\/\/www.marmotte-wanderreisen.de\/Murmel5\/index.php\/boehmische-schweiz\/\" class=\"more-link\"><span class=\"screen-reader-text\">&#8222;B\u00f6hmische Schweiz&#8220; <\/span>weiterlesen<\/a><\/p>\n","protected":false},"author":1,"featured_media":0,"parent":0,"menu_order":0,"comment_status":"closed","ping_status":"closed","template":"","meta":[],"_links":{"self":[{"href":"https:\/\/www.marmotte-wanderreisen.de\/Murmel5\/index.php\/wp-json\/wp\/v2\/pages\/346"}],"collection":[{"href":"https:\/\/www.marmotte-wanderreisen.de\/Murmel5\/index.php\/wp-json\/wp\/v2\/pages"}],"about":[{"href":"https:\/\/www.marmotte-wanderreisen.de\/Murmel5\/index.php\/wp-json\/wp\/v2\/types\/page"}],"author":[{"embeddable":true,"href":"https:\/\/www.marmotte-wanderreisen.de\/Murmel5\/index.php\/wp-json\/wp\/v2\/users\/1"}],"replies":[{"embeddable":true,"href":"https:\/\/www.marmotte-wanderreisen.de\/Murmel5\/index.php\/wp-json\/wp\/v2\/comments?post=346"}],"version-history":[{"count":6,"href":"https:\/\/www.marmotte-wanderreisen.de\/Murmel5\/index.php\/wp-json\/wp\/v2\/pages\/346\/revisions"}],"predecessor-version":[{"id":735,"href":"https:\/\/www.marmotte-wanderreisen.de\/Murmel5\/index.php\/wp-json\/wp\/v2\/pages\/346\/revisions\/735"}],"wp:attachment":[{"href":"https:\/\/www.marmotte-wanderreisen.de\/Murmel5\/index.php\/wp-json\/wp\/v2\/media?parent=346"}],"curies":[{"name":"wp","href":"https:\/\/api.w.org\/{rel}","templated":true}]}}