{"id":352,"date":"2018-12-30T14:02:52","date_gmt":"2018-12-30T13:02:52","guid":{"rendered":"https:\/\/www.marmotte-wanderreisen.de\/Murmel5\/?page_id=352"},"modified":"2018-12-30T14:08:04","modified_gmt":"2018-12-30T13:08:04","slug":"harz","status":"publish","type":"page","link":"https:\/\/www.marmotte-wanderreisen.de\/Murmel5\/index.php\/harz\/","title":{"rendered":"Harz"},"content":{"rendered":"<div style=\"width: 80%;\"><strong><span style=\"font-family: times new roman, times, serif; font-size: 12pt;\">Wanderwochenende im Harz<\/span><\/strong><\/p>\n<p style=\"text-align: left;\">\n<span style=\"color: #ff0000; font-family: times new roman, times, serif; font-size: 12pt;\"><br \/>\n<\/span><\/p>\n<p style=\"text-align: right;\">\u00a0<\/p>\n<p style=\"text-align: right;\"><span style=\"color: red; font-size: 12pt; font-family: times new roman, times, serif;\"><img loading=\"lazy\" style=\"float: right;\" src=\"\/sites\/default\/files\/image\/Harz%20II%20-%20P1030944.JPG\" width=\"216\" height=\"162\" \/><\/span><\/p>\n<p><span style=\"font-family: times new roman, times, serif; font-size: 12pt;\">Vier sch\u00f6ne und erholsame Tage lang erwandern wir den Harz.<\/span><\/p>\n<p>\n<span style=\"font-family: times new roman, times, serif; font-size: 12pt;\">Von Schierke aus, am Fu\u00df des Brockens, wandern wir zu vielen Aussichtsfelsen, wie <\/span><br \/>\n<span style=\"font-family: times new roman, times, serif; font-size: 12pt;\">den Leisten- und Schnarcherklippen, den Zeterklippen und zur Achtermannsh\u00f6he <\/span><br \/>\n<span style=\"font-family: times new roman, times, serif; font-size: 12pt;\">und genie\u00dfen die wunderbaren Blicke \u00fcber das Land.<\/span><\/p>\n<p>\n<span style=\"font-family: times new roman, times, serif; font-size: 12pt;\">Wir wandern durch Moore und Wald, an der Kleinen und der Warmen Bode entlang, <\/span><br \/>\n<span style=\"font-family: times new roman, times, serif; font-size: 12pt;\">durch das Elendstal an der Kalten Bode und genie\u00dfen die sch\u00f6ne Landschaft und <\/span><br \/>\n<span style=\"font-family: times new roman, times, serif; font-size: 12pt;\">die Aussicht auf den Brocken, den mit seinen 1141,1 m h\u00f6chsten Berg im Harz.<\/span><\/p>\n<p>&nbsp;<\/p>\n<p><span style=\"font-family: times new roman, times, serif; font-size: 12pt;\">Untergebracht sind wir in sehr sch\u00f6nen Ferienwohnungen und abends k\u00f6nnen wir <\/span><br \/>\n<span style=\"font-family: times new roman, times, serif; font-size: 12pt;\">gem\u00fctlich zusammensitzen. <\/span><br \/>\n<span style=\"font-family: times new roman, times, serif; font-size: 12pt;\">Bei gutem Wetter haben wir auch die M\u00f6glichkeit im Garten zu grillen.<\/span><\/p>\n<p><span style=\"color: red; font-size: 12pt; font-family: times new roman, times, serif;\"><img loading=\"lazy\" style=\"float: right;\" src=\"\/sites\/default\/files\/image\/Harz%20I%20-P1040134_0.JPG\" width=\"215\" height=\"161\" \/><\/span><\/p>\n<p>&nbsp;<\/p>\n<p>&nbsp;<\/p>\n<p>&nbsp;<\/p>\n<p><span style=\"font-family: times new roman, times, serif; font-size: 11pt;\"><span style=\"text-decoration: underline;\">Tourenl\u00e4ngen<\/span>: zwischen 15 und 21 km <\/span><br \/>\n<span style=\"font-family: times new roman, times, serif; font-size: 11pt;\">\u00a0\u00a0\u00a0\u00a0\u00a0\u00a0\u00a0\u00a0\u00a0\u00a0\u00a0\u00a0\u00a0\u00a0\u00a0\u00a0\u00a0\u00a0\u00a0\u00a0\u00a0\u00a0 Wir wandern an allen 4 Tagen.<\/span><\/p>\n<p>&nbsp;<\/p>\n<p><span style=\"font-family: times new roman, times, serif; font-size: 11pt;\"><span style=\"text-decoration: underline;\">Termin<\/span>:\u00a0 31.05.-03.06.2018<\/span><\/p>\n<p>&nbsp;<\/p>\n<p><span style=\"font-family: times new roman, times, serif; font-size: 11pt;\"><span style=\"text-decoration: underline;\">Preis<\/span>:\u00a0\u00a0\u00a0\u00a0 395,- Euro inkl. \u00dcbernachtung mit Fr\u00fchst\u00fcck <\/span><br \/>\n<span style=\"font-family: times new roman, times, serif; font-size: 11pt;\">\u00a0\u00a0\u00a0\u00a0\u00a0\u00a0\u00a0\u00a0\u00a0\u00a0\u00a0\u00a0\u00a0 in Ferienwohnungen mit 2-3-Betten <span style=\"font-size: 10pt;\">(in der Regel sind es Doppelzimmer).<\/span><\/span><br \/>\n\u00a0<\/p>\n<p>&nbsp;<\/p>\n<p>&nbsp;<\/p>\n<p>&nbsp;<\/p>\n<p><img loading=\"lazy\" src=\"\/sites\/default\/files\/Harz8%20-%2020140525_112440.jpg\" width=\"166\" height=\"217\" \/><img loading=\"lazy\" src=\"\/sites\/default\/files\/Harz7%20-%2020140525_111005.jpg\" width=\"215\" height=\"165\" \/><img loading=\"lazy\" src=\"\/sites\/default\/files\/Harz11%20-%2020140525_144511.jpg\" width=\"163\" height=\"217\" \/><img loading=\"lazy\" src=\"\/sites\/default\/files\/Harz6%20-%2020140524_152218.jpg\" width=\"129\" height=\"172\" \/><img loading=\"lazy\" src=\"\/sites\/default\/files\/Harz9%20-%2020140525_113324_0.jpg\" width=\"237\" height=\"178\" \/><img loading=\"lazy\" src=\"\/sites\/default\/files\/Harz4%20-%20P1040333.JPG\" width=\"177\" height=\"235\" \/><img loading=\"lazy\" src=\"\/sites\/default\/files\/Harz3%20-%20P1040322.JPG\" width=\"250\" height=\"188\" \/><img loading=\"lazy\" src=\"\/sites\/default\/files\/Harz5%20-%20P1040328.JPG\" width=\"242\" height=\"181\" \/><img loading=\"lazy\" src=\"\/sites\/default\/files\/Harz2%20-%20P1040305.JPG\" width=\"225\" height=\"169\" \/><img loading=\"lazy\" src=\"\/sites\/default\/files\/Harz10%20-%2020140525_120521.jpg\" width=\"167\" height=\"223\" \/><\/p>\n<p>&nbsp;<\/p>\n<p>&nbsp;<\/p>\n<\/div>\n","protected":false},"excerpt":{"rendered":"<p>Wanderwochenende im Harz \u00a0 Vier sch\u00f6ne und erholsame Tage lang erwandern wir den Harz. Von Schierke aus, am Fu\u00df des Brockens, wandern wir zu vielen Aussichtsfelsen, wie den Leisten- und Schnarcherklippen, den Zeterklippen und zur Achtermannsh\u00f6he und genie\u00dfen die wunderbaren Blicke \u00fcber das Land. Wir wandern durch Moore und Wald, an der Kleinen und der &hellip; <a href=\"https:\/\/www.marmotte-wanderreisen.de\/Murmel5\/index.php\/harz\/\" class=\"more-link\"><span class=\"screen-reader-text\">&#8222;Harz&#8220; <\/span>weiterlesen<\/a><\/p>\n","protected":false},"author":1,"featured_media":0,"parent":0,"menu_order":0,"comment_status":"closed","ping_status":"closed","template":"","meta":[],"_links":{"self":[{"href":"https:\/\/www.marmotte-wanderreisen.de\/Murmel5\/index.php\/wp-json\/wp\/v2\/pages\/352"}],"collection":[{"href":"https:\/\/www.marmotte-wanderreisen.de\/Murmel5\/index.php\/wp-json\/wp\/v2\/pages"}],"about":[{"href":"https:\/\/www.marmotte-wanderreisen.de\/Murmel5\/index.php\/wp-json\/wp\/v2\/types\/page"}],"author":[{"embeddable":true,"href":"https:\/\/www.marmotte-wanderreisen.de\/Murmel5\/index.php\/wp-json\/wp\/v2\/users\/1"}],"replies":[{"embeddable":true,"href":"https:\/\/www.marmotte-wanderreisen.de\/Murmel5\/index.php\/wp-json\/wp\/v2\/comments?post=352"}],"version-history":[{"count":4,"href":"https:\/\/www.marmotte-wanderreisen.de\/Murmel5\/index.php\/wp-json\/wp\/v2\/pages\/352\/revisions"}],"predecessor-version":[{"id":357,"href":"https:\/\/www.marmotte-wanderreisen.de\/Murmel5\/index.php\/wp-json\/wp\/v2\/pages\/352\/revisions\/357"}],"wp:attachment":[{"href":"https:\/\/www.marmotte-wanderreisen.de\/Murmel5\/index.php\/wp-json\/wp\/v2\/media?parent=352"}],"curies":[{"name":"wp","href":"https:\/\/api.w.org\/{rel}","templated":true}]}}