{"id":358,"date":"2018-12-30T14:18:27","date_gmt":"2018-12-30T13:18:27","guid":{"rendered":"https:\/\/www.marmotte-wanderreisen.de\/Murmel5\/?page_id=358"},"modified":"2018-12-30T14:30:14","modified_gmt":"2018-12-30T13:30:14","slug":"zittauergebirge","status":"publish","type":"page","link":"https:\/\/www.marmotte-wanderreisen.de\/Murmel5\/index.php\/zittauergebirge\/","title":{"rendered":"Zittauer Gebirge"},"content":{"rendered":"<div style=\"width: 80%;\"><strong><span style=\"font-family: times new roman, times, serif; font-size: 12pt;\">Zittauer Gebirge<\/span><\/strong><\/div>\n<div style=\"width: 80%;\">\n<p>&nbsp;<\/p>\n<p><img loading=\"lazy\" class=\"\" style=\"float: right; margin-top: 22px; margin-bottom: 22px;\" src=\"\/sites\/default\/files\/image\/Felsen-100_1558.JPG\" width=\"156\" height=\"208\" \/><\/p>\n<p>&nbsp;<\/p>\n<p><span style=\"font-family: times new roman, times, serif; font-size: 12pt;\">Wir verbringen ein erholsames verl\u00e4ngertes Wanderwochenende im kleinsten Mittelgebirge Deutschlands, dem bezaubernden Zittauer Gebirge.<\/span><\/p>\n<p>&nbsp;<\/p>\n<p><span style=\"font-family: times new roman, times, serif; font-size: 12pt;\">So klein es auch ist, so abwechslungsreich und vielseitig ist die wundersch\u00f6ne Landschaft mit\u00a0\u00a0\u00a0\u00a0\u00a0 ihren zahlreichen Aussichtsfelsen\u00a0 und beeindruckenden Felsgebilden, wieder Br\u00fctenden Henne, \u00a0 der Teekanne oder auch dem Bernhardiner.<\/span><\/p>\n<p>&nbsp;<\/p>\n<p><span style=\"font-family: times new roman, times, serif; font-size: 12pt;\">Direkt am Waldrand in Jonsdorf wohnen wir in einer kleinen und gem\u00fctlichen Familienpension.<\/span><\/p>\n<p>&nbsp;<\/p>\n<p><span style=\"font-family: times new roman, times, serif; font-size: 12pt;\">Von hier aus wandern wir unter anderem zu den Nonnenfelsen, auf den Ameisenberg und den T\u00f6pfer, ersteigen den Hochwald mit seinem Aussichtsturm, besteigen die Lausche, den mit <\/span><br \/>\n<span style=\"font-family: times new roman, times, serif; font-size: 12pt;\">793 m h\u00f6chsten Berg des Zittauer Gebirges, besuchen die M\u00fchlsteinbr\u00fcche mit ihren bizarren Felsgebilden und bekommen auch einen Eindruck von den sch\u00f6nen Nachbarorten Waltersdorf\u00a0<br \/>\nmit seinen vielen alten Umgebindeh\u00e4usern und Oybin mit seinem Klosterberg.<\/span><\/p>\n<p>&nbsp;<\/p>\n<p><span style=\"font-family: times new roman, times, serif; font-size: 12pt;\">Bei den sch\u00f6nen und abwechslungsreichen Tageswanderungen machen wir auch Abstecher ins benachbarte Tschechien und haben bei einer Einkehr die Gelegenheit die tschechischen Leckereien kennenzulernen.<\/span><\/p>\n<p>&nbsp;<\/p>\n<p>&nbsp;<\/p>\n<p><span style=\"font-size: 11pt; font-family: times new roman, times, serif;\"><span style=\"text-decoration: underline;\"><strong>Tourenl\u00e4ngen<\/strong><\/span>:\u00a0 zwischen 15 und 20 km, d.h. am An- und Abreisetag entsprechend etwas k\u00fcrzer. <\/span><\/p>\n<p><span style=\"font-size: 11pt; font-family: times new roman, times, serif;\">Wir wandern an allen 4 Tagen. \u00a0 <\/span><\/p>\n<p>&nbsp;<\/p>\n<p><span style=\"font-family: times new roman, times, serif;\"><span style=\"font-size: 11pt;\"><strong><span style=\"text-decoration: underline;\">Preis<\/span><\/strong>:\u00a0\u00a0\u00a0 365,- <\/span><span style=\"font-size: 11pt;\">\u20ac\u00a0 inkl. \u00dcbernachtung mit Fr\u00fchst\u00fcck in 2-Bettzimmern, <br \/>\n\u00a0\u00a0\u00a0\u00a0\u00a0\u00a0\u00a0\u00a0\u00a0\u00a0 \u00a0 345,- <\/span><span style=\"font-size: 11pt;\">\u20ac\u00a0 <\/span><span style=\"font-size: 11pt;\">im<\/span> <span style=\"font-size: 11pt;\">Wanderquartier <span style=\"font-size: 10pt;\">(nur wenige Pl\u00e4tze)<\/span><\/span><\/span><\/p>\n<p>&nbsp;<\/p>\n<p><span style=\"font-size: 11pt; font-family: times new roman, times, serif;\"><strong><span style=\"text-decoration: underline;\">Anreise<\/span><\/strong>:\u00a0 mit dem Zug oder in Fahrgemeinschaften &#8211; ich helfe gerne beim Organisieren<\/span><\/p>\n<p>&nbsp;<\/p>\n<p><span style=\"font-size: 11pt; font-family: times new roman, times, serif;\"><strong><span style=\"text-decoration: underline;\">Termin<\/span><\/strong>:\u00a0\u00a0\u00a0 17. &#8211; 20. Oktober 2019<\/span><\/p>\n<\/div>\n<p>&nbsp;<\/p>\n<p>&nbsp;<\/p>\n<p>&nbsp;<\/p>\n<div style=\"width: 80%;\">\n<p><span style=\"font-size: 10pt;\"><small><big><span style=\"font-family: times new roman, times, serif;\">Diese Wanderwochenenden biete ich f\u00fcr Frauen an.\u00a0<\/span><\/big><\/small><\/span><\/p>\n<p>&nbsp;<\/p>\n<p><img style=\"width: 151px; height: 202px;\" src=\"\/sites\/default\/files\/image\/Felsen2-100_1555.JPG\" alt=\"\" \/><img style=\"width: 196px; height: 149px;\" src=\"\/sites\/default\/files\/image\/Landschaft-100_1378.JPG\" alt=\"\" align=\"bottom\" \/><img loading=\"lazy\" src=\"\/sites\/default\/files\/image\/Bernhardiner-100_1498.JPG\" alt=\"\" width=\"149\" height=\"200\" \/><\/p>\n<\/div>\n","protected":false},"excerpt":{"rendered":"<p>Zittauer Gebirge &nbsp; &nbsp; Wir verbringen ein erholsames verl\u00e4ngertes Wanderwochenende im kleinsten Mittelgebirge Deutschlands, dem bezaubernden Zittauer Gebirge. &nbsp; So klein es auch ist, so abwechslungsreich und vielseitig ist die wundersch\u00f6ne Landschaft mit\u00a0\u00a0\u00a0\u00a0\u00a0 ihren zahlreichen Aussichtsfelsen\u00a0 und beeindruckenden Felsgebilden, wieder Br\u00fctenden Henne, \u00a0 der Teekanne oder auch dem Bernhardiner. &nbsp; Direkt am Waldrand in Jonsdorf &hellip; <a href=\"https:\/\/www.marmotte-wanderreisen.de\/Murmel5\/index.php\/zittauergebirge\/\" class=\"more-link\"><span class=\"screen-reader-text\">&#8222;Zittauer Gebirge&#8220; <\/span>weiterlesen<\/a><\/p>\n","protected":false},"author":1,"featured_media":0,"parent":0,"menu_order":0,"comment_status":"closed","ping_status":"closed","template":"","meta":[],"_links":{"self":[{"href":"https:\/\/www.marmotte-wanderreisen.de\/Murmel5\/index.php\/wp-json\/wp\/v2\/pages\/358"}],"collection":[{"href":"https:\/\/www.marmotte-wanderreisen.de\/Murmel5\/index.php\/wp-json\/wp\/v2\/pages"}],"about":[{"href":"https:\/\/www.marmotte-wanderreisen.de\/Murmel5\/index.php\/wp-json\/wp\/v2\/types\/page"}],"author":[{"embeddable":true,"href":"https:\/\/www.marmotte-wanderreisen.de\/Murmel5\/index.php\/wp-json\/wp\/v2\/users\/1"}],"replies":[{"embeddable":true,"href":"https:\/\/www.marmotte-wanderreisen.de\/Murmel5\/index.php\/wp-json\/wp\/v2\/comments?post=358"}],"version-history":[{"count":11,"href":"https:\/\/www.marmotte-wanderreisen.de\/Murmel5\/index.php\/wp-json\/wp\/v2\/pages\/358\/revisions"}],"predecessor-version":[{"id":370,"href":"https:\/\/www.marmotte-wanderreisen.de\/Murmel5\/index.php\/wp-json\/wp\/v2\/pages\/358\/revisions\/370"}],"wp:attachment":[{"href":"https:\/\/www.marmotte-wanderreisen.de\/Murmel5\/index.php\/wp-json\/wp\/v2\/media?parent=358"}],"curies":[{"name":"wp","href":"https:\/\/api.w.org\/{rel}","templated":true}]}}