{"id":372,"date":"2018-12-30T14:31:59","date_gmt":"2018-12-30T13:31:59","guid":{"rendered":"https:\/\/www.marmotte-wanderreisen.de\/Murmel5\/?page_id=372"},"modified":"2018-12-30T14:40:06","modified_gmt":"2018-12-30T13:40:06","slug":"fraenkischeschweiz","status":"publish","type":"page","link":"https:\/\/www.marmotte-wanderreisen.de\/Murmel5\/index.php\/fraenkischeschweiz\/","title":{"rendered":"Fr\u00e4nkische Schweiz"},"content":{"rendered":"<div style=\"width: 80%;\"><strong><span style=\"font-family: times new roman, times, serif; font-size: 12pt;\">Fr\u00e4nkische Schweiz<\/span><\/strong><\/p>\n<p><span style=\"font-family: times new roman, times, serif; font-size: 12pt;\"><img loading=\"lazy\" class=\"\" style=\"float: right; margin-top: 25px; margin-bottom: 25px;\" src=\"\/sites\/default\/files\/Pottenstein25%20-%20100_2353.JPG\" width=\"134\" height=\"161\" \/><\/span><\/p>\n<p>&nbsp;<\/p>\n<p><span style=\"font-family: times new roman, times, serif; font-size: 12pt;\">Der Naturpark Fr\u00e4nkische Schweiz ist mit seinen tief eingeschnittenen T\u00e4lern, bizarren Felsformationen, Burgen und Ruinen und zahlreichen H\u00f6hlen ein besonderes Wandergebiet.<\/span><\/p>\n<p>&nbsp;<\/p>\n<p><span style=\"font-family: times new roman, times, serif; font-size: 12pt;\">In f\u00fcnf erlebnisreichen Wandertagen entdecken wir die sch\u00f6ne Landschaft und genie\u00dfen <\/span><br \/>\n<span style=\"font-family: times new roman, times, serif; font-size: 12pt;\">die weiten Aussichten \u00fcber die beeindruckende Mittelgebirgslandschaft.<\/span><\/p>\n<p>&nbsp;<\/p>\n<p><span style=\"font-family: times new roman, times, serif; font-size: 12pt;\">Wir wohn<img loading=\"lazy\" class=\"\" style=\"float: left; margin-right: 23px; margin-top: 8px; margin-bottom: 8px;\" src=\"\/sites\/default\/files\/Pottenstein15-P1050660.JPG\" width=\"129\" height=\"172\" \/>en in dem idyllischen mittelalterlichen St\u00e4dtchen Pottenstein, <\/span><br \/>\n<span style=\"font-family: times new roman, times, serif; font-size: 12pt;\">das von seiner \u00fcber 1000-j\u00e4hrigen Burg \u00fcberragt wird und inmitten <\/span><br \/>\n<span style=\"font-family: times new roman, times, serif; font-size: 12pt;\">sch\u00f6ner Natur liegt.<\/span><\/p>\n<p>&nbsp;<\/p>\n<p><span style=\"font-family: times new roman, times, serif; font-size: 12pt;\">Von dort aus erkunden wir das bezaubernde P\u00fcttlachtal, das Klumpertal, <br \/>\ngehen nach T\u00fcchersfeld mit seiner markanten Felsenburg, entdecken das weite Brandtal, wandern zur Burgruine Hollenberg.\u00a0<\/span><\/p>\n<p>&nbsp;<\/p>\n<p><span style=\"font-family: times new roman, times, serif; font-size: 12pt;\">An einem der 5 Tage machen wir zudem einen Ausflug nach Streitberg mit seiner Burgruine und wandern von dort vorbei an vielen Felsen, Burgen Richtung Pottenstein.<\/span><\/p>\n<p>&nbsp;<\/p>\n<p><span style=\"font-family: times new roman, times, serif; font-size: 12pt;\">Im Mai\/Juni bl\u00fchen in der Fr\u00e4nkischen Schweiz die Orchideen. Es gibt dort ca. 40 Orchideenarten. Ich habe noch selten so viele verschiedene Orchideen auf einmal gesehen.<\/span><\/p>\n<p><span style=\"font-family: times new roman, times, serif; font-size: 12pt;\">Wir wandern an allen 5 Tagen.<\/span><\/p>\n<\/div>\n<p>&nbsp;<\/p>\n<p>&nbsp;<\/p>\n<p>&nbsp;<\/p>\n<div style=\"width: 80%;\">\n<p>&nbsp;<\/p>\n<p><span style=\"font-family: times new roman, times, serif; font-size: 11pt;\"><span style=\"text-decoration: underline;\">Tourenl\u00e4ngen<\/span>: zwischen 16 und 21 km, d.h. am An- und Abreisetag entsprechen ein wenig k\u00fcrzer.\u00a0\u00a0\u00a0\u00a0\u00a0\u00a0<img loading=\"lazy\" style=\"margin-top: 7px; margin-bottom: 7px; vertical-align: middle; float: right;\" src=\"\/sites\/default\/files\/Pottenstein04-P1050840.JPG\" width=\"70\" height=\"99\" \/><\/span><\/p>\n<p>&nbsp;<\/p>\n<p><span style=\"font-family: times new roman, times, serif; font-size: 11pt;\"><span style=\"text-decoration: underline;\">Termin<\/span>:\u00a0 23. &#8211; 27. Mai 2019\u00a0 \u00a0 \u00a0 \u00a0 \u00a0\u00a0\u00a0\u00a0\u00a0\u00a0\u00a0\u00a0\u00a0\u00a0\u00a0\u00a0\u00a0\u00a0<\/span><\/p>\n<p>&nbsp;<\/p>\n<p><span style=\"font-family: times new roman, times, serif; font-size: 11pt;\"><span style=\"text-decoration: underline;\">Preis<\/span>:\u00a0\u00a0\u00a0 495,- \u20ac\u00a0 inkl. \u00dcbernachtung mit Fr\u00fchst\u00fcck im Doppelzimmer<\/span><\/p>\n<p><span style=\"font-family: times new roman, times, serif; font-size: 12pt;\">\u00a0\u00a0\u00a0\u00a0\u00a0\u00a0\u00a0\u00a0\u00a0\u00a0\u00a0\u00a0\u00a0\u00a0\u00a0\u00a0\u00a0\u00a0\u00a0\u00a0\u00a0\u00a0\u00a0\u00a0 begrenzte Anzahl Einzelzimmer gegen Aufpreis m\u00f6glich<\/span><br \/>\n<span style=\"font-family: times new roman, times, serif; font-size: 11pt;\">\u00a0\u00a0\u00a0\u00a0\u00a0\u00a0\u00a0\u00a0\u00a0\u00a0\u00a0\u00a0\u00a0\u00a0\u00a0\u00a0\u00a0\u00a0\u00a0\u00a0\u00a0\u00a0\u00a0\u00a0 inkl. Transfer zur Streitberg-Wanderung\u00a0<\/span><\/p>\n<p>&nbsp;<\/p>\n<p>&nbsp;<\/p>\n<p>&nbsp;<\/p>\n<p><span style=\"font-size: 10pt; font-family: times new roman, times, serif;\"><small><big>Diese Wanderwochenenden biete ich f\u00fcr Frauen an.<\/big><\/small><\/span><\/p>\n<p><span style=\"font-size: 10pt; font-family: times new roman, times, serif;\"><small><big>\u00a0\u00a0<\/big><\/small><\/span><\/p>\n<p><img loading=\"lazy\" src=\"\/sites\/default\/files\/Pottenstein02-P1050888.JPG\" width=\"163\" height=\"128\" \/><img loading=\"lazy\" src=\"\/sites\/default\/files\/Pottenstein03-P1050509.JPG\" width=\"110\" height=\"151\" \/><img loading=\"lazy\" src=\"\/sites\/default\/files\/Pottenstein05-P1050576.JPG\" width=\"157\" height=\"117\" \/><img loading=\"lazy\" src=\"\/sites\/default\/files\/Pottenstein06-P1050580.JPG\" width=\"156\" height=\"118\" \/><img loading=\"lazy\" src=\"\/sites\/default\/files\/Pottenstein07-P1050588.JPG\" width=\"161\" height=\"122\" \/><img loading=\"lazy\" src=\"\/sites\/default\/files\/Pottenstein08-100_2363.JPG\" width=\"152\" height=\"114\" \/><img loading=\"lazy\" src=\"\/sites\/default\/files\/Pottenstein10-P1050640.JPG\" width=\"160\" height=\"120\" \/><img loading=\"lazy\" src=\"\/sites\/default\/files\/Pottenstein09-P1050512.JPG\" width=\"113\" height=\"151\" \/><img loading=\"lazy\" src=\"\/sites\/default\/files\/Pottenstein11-P1050641.JPG\" width=\"145\" height=\"117\" \/><img loading=\"lazy\" src=\"\/sites\/default\/files\/Pottenstein12-P1050642.JPG\" width=\"150\" height=\"116\" \/><img loading=\"lazy\" src=\"\/sites\/default\/files\/Pottenstein13-P1050645.JPG\" width=\"145\" height=\"116\" \/><img loading=\"lazy\" src=\"\/sites\/default\/files\/Pottenstein14-P1050646.JPG\" width=\"145\" height=\"116\" \/><img loading=\"lazy\" src=\"\/sites\/default\/files\/Pottenstein17-P1050681.JPG\" width=\"153\" height=\"118\" \/><img loading=\"lazy\" src=\"\/sites\/default\/files\/Pottenstein18-100_2325.JPG\" width=\"119\" height=\"159\" \/><img loading=\"lazy\" src=\"\/sites\/default\/files\/Pottenstein19-P1050689.JPG\" width=\"154\" height=\"118\" \/><img loading=\"lazy\" src=\"\/sites\/default\/files\/Pottenstein22-P1050730.JPG\" width=\"154\" height=\"116\" \/><img loading=\"lazy\" src=\"\/sites\/default\/files\/Pottenstein16-P1050678.JPG\" width=\"153\" height=\"118\" \/><img loading=\"lazy\" src=\"\/sites\/default\/files\/Pottenstein23-P1050854.JPG\" width=\"161\" height=\"119\" \/><img loading=\"lazy\" src=\"\/sites\/default\/files\/Pottenstein21-P1050727.JPG\" width=\"111\" height=\"148\" \/><img loading=\"lazy\" src=\"\/sites\/default\/files\/Pottenstein20-P1050717.JPG\" width=\"153\" height=\"117\" \/><\/p>\n<p>&nbsp;<\/p>\n<p>&nbsp;<\/p>\n<p>&nbsp;<\/p>\n<p>&nbsp;<\/p>\n<p>&nbsp;<\/p>\n<\/div>\n","protected":false},"excerpt":{"rendered":"<p>Fr\u00e4nkische Schweiz &nbsp; Der Naturpark Fr\u00e4nkische Schweiz ist mit seinen tief eingeschnittenen T\u00e4lern, bizarren Felsformationen, Burgen und Ruinen und zahlreichen H\u00f6hlen ein besonderes Wandergebiet. &nbsp; In f\u00fcnf erlebnisreichen Wandertagen entdecken wir die sch\u00f6ne Landschaft und genie\u00dfen die weiten Aussichten \u00fcber die beeindruckende Mittelgebirgslandschaft. &nbsp; Wir wohnen in dem idyllischen mittelalterlichen St\u00e4dtchen Pottenstein, das von seiner &hellip; <a href=\"https:\/\/www.marmotte-wanderreisen.de\/Murmel5\/index.php\/fraenkischeschweiz\/\" class=\"more-link\"><span class=\"screen-reader-text\">&#8222;Fr\u00e4nkische Schweiz&#8220; <\/span>weiterlesen<\/a><\/p>\n","protected":false},"author":1,"featured_media":0,"parent":0,"menu_order":0,"comment_status":"closed","ping_status":"closed","template":"","meta":[],"_links":{"self":[{"href":"https:\/\/www.marmotte-wanderreisen.de\/Murmel5\/index.php\/wp-json\/wp\/v2\/pages\/372"}],"collection":[{"href":"https:\/\/www.marmotte-wanderreisen.de\/Murmel5\/index.php\/wp-json\/wp\/v2\/pages"}],"about":[{"href":"https:\/\/www.marmotte-wanderreisen.de\/Murmel5\/index.php\/wp-json\/wp\/v2\/types\/page"}],"author":[{"embeddable":true,"href":"https:\/\/www.marmotte-wanderreisen.de\/Murmel5\/index.php\/wp-json\/wp\/v2\/users\/1"}],"replies":[{"embeddable":true,"href":"https:\/\/www.marmotte-wanderreisen.de\/Murmel5\/index.php\/wp-json\/wp\/v2\/comments?post=372"}],"version-history":[{"count":6,"href":"https:\/\/www.marmotte-wanderreisen.de\/Murmel5\/index.php\/wp-json\/wp\/v2\/pages\/372\/revisions"}],"predecessor-version":[{"id":379,"href":"https:\/\/www.marmotte-wanderreisen.de\/Murmel5\/index.php\/wp-json\/wp\/v2\/pages\/372\/revisions\/379"}],"wp:attachment":[{"href":"https:\/\/www.marmotte-wanderreisen.de\/Murmel5\/index.php\/wp-json\/wp\/v2\/media?parent=372"}],"curies":[{"name":"wp","href":"https:\/\/api.w.org\/{rel}","templated":true}]}}