{"id":403,"date":"2018-12-30T17:04:23","date_gmt":"2018-12-30T16:04:23","guid":{"rendered":"https:\/\/www.marmotte-wanderreisen.de\/Murmel5\/?page_id=403"},"modified":"2019-04-01T09:21:26","modified_gmt":"2019-04-01T07:21:26","slug":"riesengebirge","status":"publish","type":"page","link":"https:\/\/www.marmotte-wanderreisen.de\/Murmel5\/index.php\/riesengebirge\/","title":{"rendered":"Riesengebirge I"},"content":{"rendered":"<div style=\"width: 80%;\"><strong><span style=\"font-family: times new roman, times, serif; font-size: 12pt;\">Schneeschuhwanderwoche im Riesengebirge<\/span><\/strong><\/div>\n<div>\u00a0<\/div>\n<div style=\"width: 80%;\">\n<p>&nbsp;<\/p>\n<p><img loading=\"lazy\" style=\"float: right; margin-left: 19px; margin-bottom: 4px; margin-top: 4px;\" src=\"\/userfiles\/image\/Schnee%20100_3322.JPG\" alt=\"\" width=\"132\" height=\"179\" vspace=\"30\" \/><\/p>\n<p><span style=\"font-family: times new roman, times, serif; font-size: 12pt;\">Nur 7 km von der Schneekoppe, dem mit 1602m h\u00f6chsten Berg des Riesengebirges, und direkt an der polnischen Grenze, wohnen wir 1 Woche in Mala Upa, einem h\u00fcbschen tschechisch<img loading=\"lazy\" style=\"float: left; margin-right: 15px; margin-bottom: 10px;\" src=\"\/userfiles\/image\/Schnee%202009%20Claudia%20-Berit%20159(1).jpg\" alt=\"\" width=\"121\" height=\"185\" align=\"right\" vspace=\"11\" \/>en Dorf auf 1035m H<\/span><span style=\"font-family: times new roman, times, serif; font-size: 12pt;\">\u00f6he.<\/span><\/p>\n<p>&nbsp;<\/p>\n<p><span style=\"font-family: times new roman, times, serif; font-size: 12pt;\">Von dort aus haben wir viele M\u00f6glichkeiten, die Umgebung\u00a0 mit den Schneeschuhen zu erwandern. <br \/>\n<\/span><\/p>\n<p>&nbsp;<\/p>\n<p><span style=\"font-family: times new roman, times, serif; font-size: 12pt;\">Wir werden unter anderem auf die Schneekoppe gehen (wenn es die Wetterlage erlaubt), auf den \u010cerna Hora , einen weiteren hohen Berg des Riesengebirges,\u00a0 und eine Kammwanderung auf der tschechisch\/polnischen Grenze machen, auf <\/span><\/p>\n<p><span style=\"font-family: times new roman, times, serif; font-size: 12pt;\">dem sogenannten Freundschaftsweg.<\/span><\/p>\n<p>&nbsp;<\/p>\n<p><span style=\"font-family: times new roman, times, serif; font-size: 12pt;\">Unterwegs haben wir die M\u00f6glichkeit, in den gem\u00fctlichen Bergbauden tschechische Spezialit\u00e4ten, wie gebackenen K\u00e4se, Heidelbeerkn\u00f6del oder Palatschinken zu kosten.<\/span><\/p>\n<p>&nbsp;<\/p>\n<p><span style=\"font-family: times new roman, times, serif; font-size: 12pt;\">Wer dann noch nicht genug hat, kann noch Rodeln gehen, gemeinsam einen Iglu bauen oder nach dem Abendessen zur Nachtwanderung mit der Stirnlampe mitkommen.<\/span><\/p>\n<p>&nbsp;<\/p>\n<p>\n<span style=\"font-family: times new roman, times, serif; font-size: 12pt;\">Die <strong>Touren<\/strong> werden ca. 4-6 h lang sein, je nach Schneelage in der Distanz l\u00e4nger oder k\u00fcrzer.<\/span><\/p>\n<p><span style=\"font-family: times new roman, times, serif; font-size: 11pt;\">\u00a0\u00a0 <img loading=\"lazy\" src=\"\/userfiles\/image\/Schnee%20sn%C3%ADmek%2023%20176.jpg\" alt=\"\" width=\"165\" height=\"124\" align=\"right\" vspace=\"25\" \/><\/span><br \/>\n<span style=\"font-family: times new roman, times, serif; font-size: 11pt;\">Untergebracht sind wir in einer sehr sch\u00f6nen Pension in 2-3-Bettzimmern <\/span><br \/>\n<span style=\"font-family: times new roman, times, serif; font-size: 11pt;\">mit Blick auf die Schneekoppe.<\/span><\/p>\n<p>&nbsp;<\/p>\n<p>\n<span style=\"font-size: 11pt; font-family: times new roman, times, serif;\"><strong><span style=\"text-decoration: underline;\">Preis<\/span><\/strong>:\u00a0 \u00a0 \u00a0\u00a0\u00a0 675,- Euro inkl. Halbpension<\/span><\/p>\n<p><span style=\"font-size: 11pt; font-family: times new roman, times, serif;\"><br \/>\n<strong><span style=\"text-decoration: underline;\">Anreise<\/span><\/strong>:\u00a0 mit dem Zug oder in Fahrgemeinschaften. Ich helfe gerne beim Organisieren.<\/span><\/p>\n<p><span style=\"font-family: times new roman, times, serif; font-size: 11pt;\">Bei Anreise mit \u00f6ffentlichen Verkehrsmitteln empfehle ich eine (auf Wunsch gerne gemeinsame) Anreise <br \/>\nschon am Tag vor Reisebeginn \u00fcber Prag mit dortiger \u00dcbernachtung in einer sehr sch\u00f6nen Pension in<br \/>\neiner ruhigen Seitenstra\u00dfe mitten in der Altstadt. Die \u00dcbernachtung mit Fr\u00fchst\u00fcck im Doppelzimmer kostet umgerechnet ca. 27,- Euro pro Person.\u00a0 So besteht die M\u00f6glichkeit Prag noch ein wenig kennenlernen.<br \/>\nAb Prag gibt es am n\u00e4chsten Morgen einen direkten Bus ins Riesengebirge.<br \/>\nBei der R\u00fcckreise kann jede selbst sehen, ob sie nochmal in Prag bleibt oder direkt durchf\u00e4hrt.<\/span><\/p>\n<p><span style=\"font-family: times new roman, times, serif; font-size: 11pt;\"><br \/>\n<strong><span style=\"text-decoration: underline;\">Schneeschuhe<\/span><\/strong>:\u00a0 k\u00f6nnen bei mir gegen eine Geb\u00fchr geliehen werden.<\/span><\/p>\n<p><span style=\"font-family: times new roman, times, serif; font-size: 11pt;\"><br \/>\n<strong><span style=\"text-decoration: underline;\">Anmerkung<\/span><\/strong>:\u00a0 Schneeschuhwandern ist von der Technik her sehr einfach. Also keine Sorge, die Wanderwoche ist durchaus f\u00fcr Schneeschuhanf\u00e4ngerinnen geeignet. Wer es noch nicht kennt &#8211; es macht gro\u00dfen Spa\u00df.<\/span><\/p>\n<p>&nbsp;<\/p>\n<p><span style=\"font-size: 11pt; font-family: times new roman, times, serif;\"><strong><span style=\"text-decoration: underline;\">Termine<\/span><\/strong>:\u00a0 27.01.- 03.02.2019<br \/>\n\u00a0\u00a0\u00a0\u00a0\u00a0\u00a0\u00a0\u00a0\u00a0\u00a0 \u00a0 \u00a0\u00a0\u00a0\u00a0 <br \/>\n<\/span><\/p>\n<p>&nbsp;<\/p>\n<p><span style=\"font-size: 10pt; font-family: times new roman, times, serif;\">Diese Tour ist f\u00fcr Frauen.<\/span><\/p>\n<p><span style=\"font-size: smaller;\">\u00a0<\/span> <img loading=\"lazy\" src=\"\/userfiles\/image\/Schnee%20100_9202.JPG\" alt=\"\" width=\"160\" height=\"127\" align=\"right\" hspace=\"15\" vspace=\"45\" \/><img loading=\"lazy\" style=\"float: right; margin-left: 10px; margin-bottom: 10px;\" src=\"\/userfiles\/image\/Schnee%20sn%C3%ADmek%2023%20214.jpg\" alt=\"\" width=\"212\" height=\"155\" align=\"middle\" hspace=\"130\" vspace=\"25\" \/><img style=\"float: left; margin-right: 10px; margin-bottom: 10px; width: 113px; height: 154px;\" src=\"\/userfiles\/image\/Schnee%20100_3311.JPG\" alt=\"\" vspace=\"25\" \/><\/p>\n<\/div>\n","protected":false},"excerpt":{"rendered":"<p>Schneeschuhwanderwoche im Riesengebirge \u00a0 &nbsp; Nur 7 km von der Schneekoppe, dem mit 1602m h\u00f6chsten Berg des Riesengebirges, und direkt an der polnischen Grenze, wohnen wir 1 Woche in Mala Upa, einem h\u00fcbschen tschechischen Dorf auf 1035m H\u00f6he. &nbsp; Von dort aus haben wir viele M\u00f6glichkeiten, die Umgebung\u00a0 mit den Schneeschuhen zu erwandern. &nbsp; Wir &hellip; <a href=\"https:\/\/www.marmotte-wanderreisen.de\/Murmel5\/index.php\/riesengebirge\/\" class=\"more-link\"><span class=\"screen-reader-text\">&#8222;Riesengebirge I&#8220; <\/span>weiterlesen<\/a><\/p>\n","protected":false},"author":1,"featured_media":0,"parent":0,"menu_order":0,"comment_status":"closed","ping_status":"closed","template":"","meta":[],"_links":{"self":[{"href":"https:\/\/www.marmotte-wanderreisen.de\/Murmel5\/index.php\/wp-json\/wp\/v2\/pages\/403"}],"collection":[{"href":"https:\/\/www.marmotte-wanderreisen.de\/Murmel5\/index.php\/wp-json\/wp\/v2\/pages"}],"about":[{"href":"https:\/\/www.marmotte-wanderreisen.de\/Murmel5\/index.php\/wp-json\/wp\/v2\/types\/page"}],"author":[{"embeddable":true,"href":"https:\/\/www.marmotte-wanderreisen.de\/Murmel5\/index.php\/wp-json\/wp\/v2\/users\/1"}],"replies":[{"embeddable":true,"href":"https:\/\/www.marmotte-wanderreisen.de\/Murmel5\/index.php\/wp-json\/wp\/v2\/comments?post=403"}],"version-history":[{"count":18,"href":"https:\/\/www.marmotte-wanderreisen.de\/Murmel5\/index.php\/wp-json\/wp\/v2\/pages\/403\/revisions"}],"predecessor-version":[{"id":743,"href":"https:\/\/www.marmotte-wanderreisen.de\/Murmel5\/index.php\/wp-json\/wp\/v2\/pages\/403\/revisions\/743"}],"wp:attachment":[{"href":"https:\/\/www.marmotte-wanderreisen.de\/Murmel5\/index.php\/wp-json\/wp\/v2\/media?parent=403"}],"curies":[{"name":"wp","href":"https:\/\/api.w.org\/{rel}","templated":true}]}}