{"id":422,"date":"2018-12-30T17:23:05","date_gmt":"2018-12-30T16:23:05","guid":{"rendered":"https:\/\/www.marmotte-wanderreisen.de\/Murmel5\/?page_id=422"},"modified":"2018-12-30T17:56:09","modified_gmt":"2018-12-30T16:56:09","slug":"schneeschuhhuettenwanderung","status":"publish","type":"page","link":"https:\/\/www.marmotte-wanderreisen.de\/Murmel5\/index.php\/schneeschuhhuettenwanderung\/","title":{"rendered":"Riesengebirge II &#8211; Von H\u00fctte zu H\u00fctte"},"content":{"rendered":"<div style=\"width: 80%;\"><strong><span style=\"font-family: times new roman, times, serif; font-size: 12pt;\">Von H\u00fctte zu H\u00fctte mit den Schneeschuhen durchs Riesengebirge<\/span><\/strong><\/p>\n<p><img loading=\"lazy\" style=\"float: right; margin-top: 52px; margin-bottom: 52px;\" src=\"https:\/\/www.marmotte-wanderreisen.de\/sites\/default\/files\/Riesen1-100_0380.jpg\" width=\"142\" height=\"190\" \/><\/p>\n<p><span style=\"color: #ff0000; font-size: small;\">\u00a0<\/span><\/p>\n<p><span style=\"font-family: times new roman, times, serif; font-size: 12pt;\">Dies ist eine ganz besondere Tour.<\/span><\/p>\n<p>&nbsp;<\/p>\n<p><span style=\"font-family: times new roman, times, serif; font-size: 12pt;\">Wir machen mit den Schneeschuhen nicht nur Tageswanderungen, sondern wir durchqueren das Riesengebirge von H\u00fctte zu H\u00fctte.<\/span><\/p>\n<p>&nbsp;<\/p>\n<p><span style=\"font-family: times new roman, times, serif; font-size: 12pt;\">In 8 Tagen wandern wir \u00fcber die K\u00e4mme des Riesengebirges und lernen das wundersch\u00f6ne Land R\u00fcbezahls in seinen verschiedenen Facetten kennen.<\/span><\/p>\n<p><span style=\"font-family: times new roman, times, serif; font-size: 12pt;\"><img loading=\"lazy\" style=\"float: left; margin-right: 23px; margin-top: 25px; margin-bottom: 25px;\" src=\"\/sites\/default\/files\/RiesengebirgeH%C3%BCtte1-100_0375.jpg\" width=\"135\" height=\"179\" \/><\/span><\/p>\n<p>&nbsp;<\/p>\n<p><span style=\"font-family: times new roman, times, serif; font-size: 12pt;\">Wir beginnen unsere Schneeschuh-H\u00fcttenwanderung in Harrachov.\u00a0\u00a0<\/span><\/p>\n<p>&nbsp;<\/p>\n<p>\n<span style=\"font-family: times new roman, times, serif; font-size: 12pt;\">Von dort aus wandern wir auf dem Riesengebirgs-Hauptkamm an der tschechisch-polnischen Grenze, teils auf dem tschechisch-polnischen Freundschaftsweg. <\/span><span style=\"font-family: times new roman, times, serif; font-size: 12pt;\">Dort befindet sich auch die Quelle der Elbe.<\/span><\/p>\n<p>&nbsp;<\/p>\n<p><span style=\"font-family: times new roman, times, serif; font-size: 12pt;\">Wir \u00fcberschreiten die Sn\u011b\u017eka (Schneekoppe), den mit 1602 m h\u00f6chsten Berg des Riesengebirges und wandern weiter Richtung Mala Upa, wo wir bei meiner Schneeschuhwanderwoche mit festem Quartier wohnen.<img loading=\"lazy\" style=\"float: right; margin-left: 25px; margin-bottom: 10px; margin-top: 25px;\" src=\"\/sites\/default\/files\/Riesengebirge4-IMG_0190.jpg\" width=\"191\" height=\"145\" \/><\/span><\/p>\n<p>&nbsp;<\/p>\n<p><span style=\"font-family: times new roman, times, serif; font-size: 12pt;\">Wir gehen allerdings nicht bis nach Mala Upa, sondern \u00fcbernachten in der Bergh\u00fctte Jelenka, einer meiner Lieblingsh\u00fctten im Riesengebirge und genie\u00dfen die tolle Aussicht \u00fcber die Berge und auf Mala Upa.<\/span><\/p>\n<p>&nbsp;<\/p>\n<p><span style=\"font-family: times new roman, times, serif; font-size: 12pt;\">Ab hier verlassen wir den Hauptkamm und steigen nach Pec Pod Sne\u017ekou ab <\/span><span style=\"font-family: times new roman, times, serif; font-size: 12pt;\">um auf die andere Seite des Riesengebirges zu wechseln.<\/span><\/p>\n<p>&nbsp;<\/p>\n<p><span style=\"font-family: times new roman, times, serif; font-size: 12pt;\">Wir wandern weiter auf den Riesengebirgsk\u00e4mmen vorbei am <span class=\"st\">\u010c<\/span>erna hora (1299<img loading=\"lazy\" style=\"float: left; margin-right: 23px; margin-top: 17px; margin-bottom: 17px;\" src=\"\/sites\/default\/files\/Riesen5-P1030148.jpg\" width=\"195\" height=\"147\" \/> m) und am <span class=\"st\">Li\u0161\u010d\u00ed hora (1363 m), genie\u00dfen nun von der anderen Seite die wunderbaren A<\/span><span class=\"st\">ussicht auf den Hauptkamm und die <\/span>Sn\u011b\u017eka, wandern an Spindlerm\u00fchle vorbei und weiter wieder Richtung Hauptkamm und beenden unsere Schneeschuh-H\u00fcttenwanderung zur\u00fcck an unserem Ausgangsort Harrachov.<\/span><\/p>\n<p>&nbsp;<\/p>\n<p><span style=\"font-family: times new roman, times, serif; font-size: 12pt;\">In den 8 Tagen \u00fcbernachten wir in Bergh\u00fctten und Pensionen und da wir zum Teil auf dem tschechisch-polnischen Freundschaftsweg unterwegs sind, werden wir auch auf zwei polnischen Bauden \u00fcbernachten.<\/span><\/p>\n<p>&nbsp;<\/p>\n<p><span style=\"font-family: times new roman, times, serif; font-size: 12pt;\">Und nat\u00fcrlich genie\u00dfen wir auch auf dieser Tour neben der tollen Landschaft und den tollen Aussichten die tschechischen und polnischen Leckereien, wie z.B. Heidelbeer-Obstkn\u00f6del und Palatschinken.<\/span><\/p>\n<\/div>\n<p>&nbsp;<\/p>\n<p>&nbsp;<\/p>\n<p>&nbsp;<\/p>\n<div style=\"width: 80%;\">\n<p><span style=\"font-family: times new roman, times, serif; font-size: 11pt;\"><strong><span style=\"text-decoration: underline;\">Etappen<\/span>:\u00a0 8 Tagesetappen <\/strong>zwischen 4 h und 6,5 h (je nach Schneelage k\u00f6nnen die Touren in der Distanz leicht variieren) <br \/>\n\u00a0\u00a0\u00a0\u00a0\u00a0\u00a0\u00a0\u00a0\u00a0\u00a0\u00a0\u00a0\u00a0\u00a0\u00a0\u00a0 mit max. 750 hm im Aufstieg.<\/span><\/p>\n<p>&nbsp;<\/p>\n<p><span style=\"font-size: 11pt; font-family: times new roman, times, serif;\"><strong><span style=\"text-decoration: underline;\">Schwierigkeit<\/span><\/strong>: \u00a0 mittel<\/span><\/p>\n<p>&nbsp;<\/p>\n<p><span style=\"font-family: times new roman, times, serif; font-size: 11pt;\"><strong><span style=\"text-decoration: underline;\">Preis<\/span><\/strong>: \u00a0\u00a0 \u00a0 715,- Euro\u00a0 inkl. 7 \u00dcbernachtung in H\u00fctten und Pensionen (5x mit Halbpension, 2x \u00dc\/Fr\u00fchst<img loading=\"lazy\" style=\"float: right;\" src=\"\/sites\/default\/files\/Riesen23-P1040396.JPG\" width=\"122\" height=\"91\" \/>\u00fcck)<\/span><\/p>\n<p>&nbsp;<\/p>\n<p><span style=\"font-size: 12pt; font-family: times new roman, times, serif;\"><span style=\"text-decoration: underline;\"><strong>Schneeschuhe<\/strong><\/span>:\u00a0 k\u00f6nnen bei mir gegen eine Geb\u00fchr geliehen werden.<\/span><\/p>\n<p>&nbsp;<\/p>\n<p><span style=\"font-size: 11pt; font-family: times new roman, times, serif;\"><strong><span style=\"text-decoration: underline;\">Anforderungen<\/span><\/strong>: <\/span><br \/>\n<span style=\"font-size: 11pt; font-family: times new roman, times, serif;\">gute Grundkondition<\/span><br \/>\n<span style=\"font-size: 11pt; font-family: times new roman, times, serif;\">Wanderung mit Gep\u00e4ck. Der Rucksack sollte nicht mehr als 10 kg wiegen. <\/span><\/p>\n<p>&nbsp;<\/p>\n<p><span style=\"font-family: times new roman, times, serif; font-size: 11pt;\"><strong><span style=\"text-decoration: underline;\">Anmerkung<\/span><\/strong>: Schneeschuhwandern ist von der Technik her einfach. Wer es noch nicht kennt &#8211; es macht gro\u00dfen Spa\u00df. <br \/>\nNoch eine Anmerkung zum Schneeschuhwandern mit Gep\u00e4ck: <\/span><br \/>\n<span style=\"font-size: 11pt; font-family: times new roman, times, serif;\">Bei der Erkundungstour haben wir pers\u00f6nlich die Erfahrung gemacht, dass im Winter das Gep\u00e4ck eher weniger als bei den Sommertouren war, weil wir einfach mehr anhatten. F\u00fcr eine diesbez\u00fcgl. Beratung stehe ich euch selbstverst\u00e4ndlich gerne zur Verf\u00fcgung. <\/span><\/p>\n<p>&nbsp;<\/p>\n<p><span style=\"font-size: 11pt; font-family: times new roman, times, serif;\"><strong><span style=\"text-decoration: underline;\">Anreise<\/span><\/strong>:\u00a0 mit dem Zug oder in Fahrgemeinschaften. Ich helfe gerne beim Organisieren.<\/span><\/p>\n<p>&nbsp;<\/p>\n<p><span style=\"font-family: times new roman, times, serif; font-size: 11pt;\"><span style=\"text-decoration: underline;\"><strong><small><big>Ausgangsort:<\/big><\/small><\/strong><\/span><small><big>\u00a0 Harrachov<\/big><\/small><\/span><\/p>\n<p>&nbsp;<\/p>\n<p><span style=\"font-family: times new roman, times, serif; font-size: 11pt;\"><strong><span style=\"text-decoration: underline;\">Termine<\/span><\/strong>:\u00a0 18.01.- 25.01.2019 \u00a0\u00a0<\/span><\/p>\n<p><span style=\"font-family: times new roman, times, serif; font-size: 11pt;\">\u00a0\u00a0\u00a0\u00a0\u00a0\u00a0\u00a0\u00a0\u00a0\u00a0\u00a0\u00a0\u00a0\u00a0\u00a0\u00a0\u00a0\u00a0\u00a0\u00a0\u00a0\u00a0\u00a0\u00a0\u00a0\u00a0\u00a0<\/span><\/p>\n<p>&nbsp;<\/p>\n<p><span style=\"font-size: 10pt; font-family: times new roman, times, serif;\">Diese Tour ist f\u00fcr Frauen.<\/span><\/p>\n<p><img loading=\"lazy\" class=\"\" src=\"\/sites\/default\/files\/Riesen7-100_0374.jpg\" width=\"155\" height=\"116\" \/><img loading=\"lazy\" class=\"\" src=\"\/sites\/default\/files\/Riesen6-100_0321.jpg\" width=\"155\" height=\"117\" \/><img loading=\"lazy\" class=\"\" src=\"\/sites\/default\/files\/Riesen8-100_0390.jpg\" width=\"155\" height=\"117\" \/><img loading=\"lazy\" src=\"\/sites\/default\/files\/Riesen18-P1010171.JPG\" width=\"155\" height=\"127\" \/><img loading=\"lazy\" src=\"\/sites\/default\/files\/Riesen3-100_8034.jpg\" width=\"155\" height=\"122\" \/><img loading=\"lazy\" src=\"\/sites\/default\/files\/Riesen16-IMG_0342.JPG\" width=\"160\" height=\"120\" \/><img loading=\"lazy\" class=\"\" src=\"\/sites\/default\/files\/Riesen12-100_3656.JPG\" width=\"179\" height=\"119\" \/><img loading=\"lazy\" class=\"\" src=\"\/sites\/default\/files\/Riesen9-100_3583.jpg\" width=\"137\" height=\"171\" \/><img loading=\"lazy\" class=\"\" src=\"\/sites\/default\/files\/Riesen22-P1090285.JPG\" width=\"129\" height=\"172\" \/><img loading=\"lazy\" class=\"\" src=\"\/sites\/default\/files\/Riesen10-100_3595.JPG\" width=\"177\" height=\"118\" \/><img loading=\"lazy\" class=\"\" src=\"\/sites\/default\/files\/Riesen13-berit%20riesengebirge%20ungek%C3%BCrzt%20038.JPG\" width=\"167\" height=\"126\" \/><img loading=\"lazy\" class=\"\" src=\"\/sites\/default\/files\/Riesen11-100_3610.JPG\" width=\"188\" height=\"125\" \/><\/p>\n<\/div>\n","protected":false},"excerpt":{"rendered":"<p>Von H\u00fctte zu H\u00fctte mit den Schneeschuhen durchs Riesengebirge \u00a0 Dies ist eine ganz besondere Tour. &nbsp; Wir machen mit den Schneeschuhen nicht nur Tageswanderungen, sondern wir durchqueren das Riesengebirge von H\u00fctte zu H\u00fctte. &nbsp; In 8 Tagen wandern wir \u00fcber die K\u00e4mme des Riesengebirges und lernen das wundersch\u00f6ne Land R\u00fcbezahls in seinen verschiedenen Facetten &hellip; <a href=\"https:\/\/www.marmotte-wanderreisen.de\/Murmel5\/index.php\/schneeschuhhuettenwanderung\/\" class=\"more-link\"><span class=\"screen-reader-text\">&#8222;Riesengebirge II &#8211; Von H\u00fctte zu H\u00fctte&#8220; <\/span>weiterlesen<\/a><\/p>\n","protected":false},"author":1,"featured_media":0,"parent":0,"menu_order":0,"comment_status":"closed","ping_status":"closed","template":"","meta":[],"_links":{"self":[{"href":"https:\/\/www.marmotte-wanderreisen.de\/Murmel5\/index.php\/wp-json\/wp\/v2\/pages\/422"}],"collection":[{"href":"https:\/\/www.marmotte-wanderreisen.de\/Murmel5\/index.php\/wp-json\/wp\/v2\/pages"}],"about":[{"href":"https:\/\/www.marmotte-wanderreisen.de\/Murmel5\/index.php\/wp-json\/wp\/v2\/types\/page"}],"author":[{"embeddable":true,"href":"https:\/\/www.marmotte-wanderreisen.de\/Murmel5\/index.php\/wp-json\/wp\/v2\/users\/1"}],"replies":[{"embeddable":true,"href":"https:\/\/www.marmotte-wanderreisen.de\/Murmel5\/index.php\/wp-json\/wp\/v2\/comments?post=422"}],"version-history":[{"count":19,"href":"https:\/\/www.marmotte-wanderreisen.de\/Murmel5\/index.php\/wp-json\/wp\/v2\/pages\/422\/revisions"}],"predecessor-version":[{"id":443,"href":"https:\/\/www.marmotte-wanderreisen.de\/Murmel5\/index.php\/wp-json\/wp\/v2\/pages\/422\/revisions\/443"}],"wp:attachment":[{"href":"https:\/\/www.marmotte-wanderreisen.de\/Murmel5\/index.php\/wp-json\/wp\/v2\/media?parent=422"}],"curies":[{"name":"wp","href":"https:\/\/api.w.org\/{rel}","templated":true}]}}