{"id":46,"date":"2018-12-15T16:06:09","date_gmt":"2018-12-15T15:06:09","guid":{"rendered":"http:\/\/www.marmotte-wanderreisen.de\/Murmel5\/?page_id=46"},"modified":"2019-04-01T09:39:07","modified_gmt":"2019-04-01T07:39:07","slug":"newsletter","status":"publish","type":"page","link":"https:\/\/www.marmotte-wanderreisen.de\/Murmel5\/index.php\/newsletter\/","title":{"rendered":"Newsletter"},"content":{"rendered":"<p><span style=\"font-size: 10pt; font-family: trebuchet ms, geneva, sans-serif;\">Da wir die Webseite gerade \u00fcberarbeiten, meldet Euch f\u00fcr den Newsletter bitte \u00fcber das Kontaktformular an. <\/span><\/p>\n<p>&nbsp;<\/p>\n<p><span style=\"font-size: 10pt; font-family: trebuchet ms, geneva, sans-serif;\">Bitte gebt an, ob ihr den Newsletter nur f\u00fcr die Wanderreisen oder f\u00fcr die Tageswanderungen und Wanderreisen haben m\u00f6chtet.<\/span><\/p>\n","protected":false},"excerpt":{"rendered":"<p>Da wir die Webseite gerade \u00fcberarbeiten, meldet Euch f\u00fcr den Newsletter bitte \u00fcber das Kontaktformular an. &nbsp; Bitte gebt an, ob ihr den Newsletter nur f\u00fcr die Wanderreisen oder f\u00fcr die Tageswanderungen und Wanderreisen haben m\u00f6chtet.<\/p>\n","protected":false},"author":1,"featured_media":0,"parent":0,"menu_order":0,"comment_status":"closed","ping_status":"closed","template":"","meta":[],"_links":{"self":[{"href":"https:\/\/www.marmotte-wanderreisen.de\/Murmel5\/index.php\/wp-json\/wp\/v2\/pages\/46"}],"collection":[{"href":"https:\/\/www.marmotte-wanderreisen.de\/Murmel5\/index.php\/wp-json\/wp\/v2\/pages"}],"about":[{"href":"https:\/\/www.marmotte-wanderreisen.de\/Murmel5\/index.php\/wp-json\/wp\/v2\/types\/page"}],"author":[{"embeddable":true,"href":"https:\/\/www.marmotte-wanderreisen.de\/Murmel5\/index.php\/wp-json\/wp\/v2\/users\/1"}],"replies":[{"embeddable":true,"href":"https:\/\/www.marmotte-wanderreisen.de\/Murmel5\/index.php\/wp-json\/wp\/v2\/comments?post=46"}],"version-history":[{"count":6,"href":"https:\/\/www.marmotte-wanderreisen.de\/Murmel5\/index.php\/wp-json\/wp\/v2\/pages\/46\/revisions"}],"predecessor-version":[{"id":752,"href":"https:\/\/www.marmotte-wanderreisen.de\/Murmel5\/index.php\/wp-json\/wp\/v2\/pages\/46\/revisions\/752"}],"wp:attachment":[{"href":"https:\/\/www.marmotte-wanderreisen.de\/Murmel5\/index.php\/wp-json\/wp\/v2\/media?parent=46"}],"curies":[{"name":"wp","href":"https:\/\/api.w.org\/{rel}","templated":true}]}}