{"id":468,"date":"2018-12-30T18:38:33","date_gmt":"2018-12-30T17:38:33","guid":{"rendered":"https:\/\/www.marmotte-wanderreisen.de\/Murmel5\/?page_id=468"},"modified":"2018-12-30T18:42:09","modified_gmt":"2018-12-30T17:42:09","slug":"ueber-mich","status":"publish","type":"page","link":"https:\/\/www.marmotte-wanderreisen.de\/Murmel5\/index.php\/ueber-mich\/","title":{"rendered":"\u00dcber mich"},"content":{"rendered":"<div style=\"width: 80%;\"><strong><span style=\"font-family: times new roman, times, serif; font-size: 12pt;\">\u00a0<\/span><\/strong><\/div>\n<div style=\"width: 80%;\">\n<p>&nbsp;<\/p>\n<p><span style=\"font-family: times new roman, times, serif; font-size: 12pt;\"><img class=\"\" style=\"float: right; margin-left: 30px; margin-bottom: 10px; width: 140px; height: 230px;\" src=\"\/userfiles\/image\/Claudia%20Monti5100_4670.JPG\" alt=\"\" vspace=\"33\" \/><\/span><\/p>\n<p>&nbsp;<\/p>\n<p><span style=\"font-family: times new roman, times, serif; font-size: 12pt;\">Von klein auf war ich schon immer gerne Wandern. Ich bin der der Pfalz aufgewachsen.<\/span><\/p>\n<p>&nbsp;<\/p>\n<p><span style=\"font-family: times new roman, times, serif; font-size: 12pt;\">In all den Jahren, in denen ich die Hoch- und Mittelgebirge verschiedener L\u00e4nder durchwandert habe, hatte ich stets das Bed\u00fcrfnis, noch mehr Zeit in diesen wundersch\u00f6nen Gebirgslandschaften zu verbringen. Da ich beruflich immer viel und gern mit Menschen gearbeitet habe, habe ich in Tirol die Ausbildung zur Tiroler Bergwanderf\u00fchrerin gemacht.<\/span><\/p>\n<p>&nbsp;<\/p>\n<p><span style=\"font-family: times new roman, times, serif; font-size: 12pt;\">Meine Begeisterung f\u00fcr die Natur, die Landschaften, Tiere, (auch essbare) Pflanzen und meine Freude an der Bewegung m\u00f6chte ich gerne mit Euch teilen.<\/span><\/p>\n<p>&nbsp;<\/p>\n<p><span style=\"font-family: times new roman, times, serif; font-size: 12pt;\">Neben der faszinierenden Natur finde ich aber auch die besondere &#8222;Wanderkultur&#8220; der verschiedenen L\u00e4nder eine Reise wert, sei es in den Alpenl\u00e4ndern, den Pyren\u00e4en, <br \/>\nGro\u00dfbritannien oder Tschechien.<\/span><\/p>\n<p>&nbsp;<\/p>\n<p><span style=\"font-family: times new roman, times, serif; font-size: 12pt;\">F\u00fcr mich ist Wandern die sch\u00f6nste und spannendste Art der\u00a0Erholung.<\/span><\/p>\n<p>&nbsp;<\/p>\n<p>&nbsp;<\/p>\n<p><span style=\"font-family: times new roman, times, serif; font-size: 12pt;\">Claudia Hoffmann<\/span><\/p>\n<p><span style=\"font-family: times new roman, times, serif; font-size: 12pt;\">Tiroler Bergwanderf\u00fchrerin<\/span><\/p>\n<p>&nbsp;<\/p>\n<p class=\"rtecenter\">\u00a0<\/p>\n<p>&nbsp;<\/p>\n<\/div>\n","protected":false},"excerpt":{"rendered":"<p>\u00a0 &nbsp; &nbsp; Von klein auf war ich schon immer gerne Wandern. Ich bin der der Pfalz aufgewachsen. &nbsp; In all den Jahren, in denen ich die Hoch- und Mittelgebirge verschiedener L\u00e4nder durchwandert habe, hatte ich stets das Bed\u00fcrfnis, noch mehr Zeit in diesen wundersch\u00f6nen Gebirgslandschaften zu verbringen. Da ich beruflich immer viel und gern &hellip; <a href=\"https:\/\/www.marmotte-wanderreisen.de\/Murmel5\/index.php\/ueber-mich\/\" class=\"more-link\"><span class=\"screen-reader-text\">&#8222;\u00dcber mich&#8220; <\/span>weiterlesen<\/a><\/p>\n","protected":false},"author":1,"featured_media":0,"parent":0,"menu_order":0,"comment_status":"closed","ping_status":"closed","template":"","meta":[],"_links":{"self":[{"href":"https:\/\/www.marmotte-wanderreisen.de\/Murmel5\/index.php\/wp-json\/wp\/v2\/pages\/468"}],"collection":[{"href":"https:\/\/www.marmotte-wanderreisen.de\/Murmel5\/index.php\/wp-json\/wp\/v2\/pages"}],"about":[{"href":"https:\/\/www.marmotte-wanderreisen.de\/Murmel5\/index.php\/wp-json\/wp\/v2\/types\/page"}],"author":[{"embeddable":true,"href":"https:\/\/www.marmotte-wanderreisen.de\/Murmel5\/index.php\/wp-json\/wp\/v2\/users\/1"}],"replies":[{"embeddable":true,"href":"https:\/\/www.marmotte-wanderreisen.de\/Murmel5\/index.php\/wp-json\/wp\/v2\/comments?post=468"}],"version-history":[{"count":4,"href":"https:\/\/www.marmotte-wanderreisen.de\/Murmel5\/index.php\/wp-json\/wp\/v2\/pages\/468\/revisions"}],"predecessor-version":[{"id":473,"href":"https:\/\/www.marmotte-wanderreisen.de\/Murmel5\/index.php\/wp-json\/wp\/v2\/pages\/468\/revisions\/473"}],"wp:attachment":[{"href":"https:\/\/www.marmotte-wanderreisen.de\/Murmel5\/index.php\/wp-json\/wp\/v2\/media?parent=468"}],"curies":[{"name":"wp","href":"https:\/\/api.w.org\/{rel}","templated":true}]}}