{"id":8,"date":"2018-12-14T14:16:51","date_gmt":"2018-12-14T13:16:51","guid":{"rendered":"http:\/\/www.marmotte-wanderreisen.de\/Murmel5\/?page_id=8"},"modified":"2019-04-01T10:57:18","modified_gmt":"2019-04-01T08:57:18","slug":"willkommen","status":"publish","type":"page","link":"https:\/\/www.marmotte-wanderreisen.de\/Murmel5\/","title":{"rendered":"Willkommen"},"content":{"rendered":"<div style=\"width: 80%;\">\n<p><img loading=\"lazy\" class=\"alignright wp-image-62\" style=\"float: right; margin-left: 40px; margin-bottom: 25px; margin-top: 35px;\" src=\"https:\/\/www.marmotte-wanderreisen.de\/Murmel5\/wp-content\/uploads\/2018\/12\/Monti-100_4567.jpg\" alt=\"\" width=\"246\" height=\"185\" \/><\/p>\n<p>&nbsp;<\/p>\n<p>&nbsp;<\/p>\n<p><span style=\"font-family: times new roman, times, serif; font-size: 12pt;\">Was gibt es Sch\u00f6neres als hoch oben in den Bergen unterwegs zu sein, sich <br \/>\n\u00fcber die Natur und die <\/span><span style=\"font-family: times new roman, times, serif; font-size: 12pt;\">Ruhe zu freuen, bergauf &#8211; bergab zu wandern, auch mal an seine k\u00f6rperlichen Grenzen zu kommen, gem\u00fctlich auf einer einladenden Blumenwiese liegend das Leben zu genie\u00dfen und den manchmal doch recht anstrengenden Alltag zu vergessen.<\/span><\/p>\n<p>&nbsp;<\/p>\n<p><span style=\"font-family: times new roman, times, serif; font-size: 12pt;\">Beim Anblick gigantischer Gletscher und Gebirgsformen kommt man sich mitunter recht klein vor und f\u00fchlt sich dann umso kr\u00e4ftiger, wenn man diesen so nahe kommt und ein solches Gebirge mit all seinen T\u00fccken und Sch\u00f6nheiten durchwandert hat. <br \/>\n<\/span><\/p>\n<p>&nbsp;<\/p>\n<p><span style=\"font-family: times new roman, times, serif; font-size: 12pt;\">Ich bin Bergwanderf\u00fchrerin und biete Touren im Hoch- und Mittelgebirge f\u00fcr Frauen an.\u00a0<\/span><\/p>\n<p>&nbsp;<\/p>\n<p><span style=\"font-family: times new roman, times, serif; font-size: 12pt;\">In faszinierenden Landschaften erwarten Euch Abenteuer und Erholung in angenehmer und interessanter Gesellschaft.<\/span><\/p>\n<p>&nbsp;<\/p>\n<p><span style=\"font-size: 12pt; font-family: times new roman, times, serif;\">Auf Anfrage k\u00f6nnen gerne Individualtouren gebucht werden, sei es f\u00fcr gr\u00f6\u00dfere oder kleinere Gruppen. Wenn Ihr also eine bestimmte Wunschregion oder spezielle W\u00fcnsche habt, z.B. k\u00fcrzere und leichtere Wanderungen, dann ruft mich gerne an oder schreibt mir eine Email. \u00a0<\/span><\/p>\n<p>&nbsp;<\/p>\n<p><span style=\"font-size: 12pt; font-family: times new roman, times, serif;\">F\u00fcr die Frauen in Berlin gibt es zus\u00e4tzlich ca. 2x pro Monat eine Wanderung im Berliner Umland.\u00a0<\/span><\/p>\n<p>&nbsp;<\/p>\n<p><span style=\"font-size: 12pt; font-family: times new roman, times, serif;\"><img loading=\"lazy\" class=\"alignright wp-image-70\" src=\"https:\/\/www.marmotte-wanderreisen.de\/Murmel5\/wp-content\/uploads\/2018\/12\/favicon_murmel3.jpg\" alt=\"\" width=\"54\" height=\"78\" \/><\/span><\/p>\n<p><strong><span style=\"font-family: times new roman, times, serif; font-size: 12pt;\">Dann erstmal viel Spa\u00df beim Lesen.<\/span><\/strong><\/p>\n<p>&nbsp;<\/p>\n<p><strong><span style=\"font-size: 12pt; font-family: times new roman, times, serif;\">Claudia Hoffmann\u00a0<\/span><\/strong><br \/>\n<span style=\"font-size: 10pt;\"><strong><span style=\"font-family: times new roman, times, serif;\">Bergwanderf\u00fchrerin<\/span><\/strong><\/span><\/p>\n<p>&nbsp;<\/p>\n<p><strong><span style=\"font-size: 12pt; font-family: times new roman, times, serif;\">Marmotte Wanderreisen<\/span><\/strong><\/p>\n<\/div>\n<p>&nbsp;<\/p>\n<p>&nbsp;<\/p>\n<p>&nbsp;<\/p>\n<p>&nbsp;<\/p>\n<p><a href=\"https:\/\/www.instagram.com\/marmottewanderreisen\/\">Instagram<\/a><\/p>\n<p><a href=\"https:\/\/www.facebook.com\/marmottewanderreisen\/\">Facebook<\/a><\/p>\n<p><a href=\"https:\/\/twitter.com\/marmottewandern\">Twitter<\/a><\/p>\n","protected":false},"excerpt":{"rendered":"<p>&nbsp; &nbsp; Was gibt es Sch\u00f6neres als hoch oben in den Bergen unterwegs zu sein, sich \u00fcber die Natur und die Ruhe zu freuen, bergauf &#8211; bergab zu wandern, auch mal an seine k\u00f6rperlichen Grenzen zu kommen, gem\u00fctlich auf einer einladenden Blumenwiese liegend das Leben zu genie\u00dfen und den manchmal doch recht anstrengenden Alltag zu &hellip; <a href=\"https:\/\/www.marmotte-wanderreisen.de\/Murmel5\/\" class=\"more-link\"><span class=\"screen-reader-text\">&#8222;Willkommen&#8220; <\/span>weiterlesen<\/a><\/p>\n","protected":false},"author":1,"featured_media":0,"parent":0,"menu_order":0,"comment_status":"closed","ping_status":"closed","template":"","meta":[],"_links":{"self":[{"href":"https:\/\/www.marmotte-wanderreisen.de\/Murmel5\/index.php\/wp-json\/wp\/v2\/pages\/8"}],"collection":[{"href":"https:\/\/www.marmotte-wanderreisen.de\/Murmel5\/index.php\/wp-json\/wp\/v2\/pages"}],"about":[{"href":"https:\/\/www.marmotte-wanderreisen.de\/Murmel5\/index.php\/wp-json\/wp\/v2\/types\/page"}],"author":[{"embeddable":true,"href":"https:\/\/www.marmotte-wanderreisen.de\/Murmel5\/index.php\/wp-json\/wp\/v2\/users\/1"}],"replies":[{"embeddable":true,"href":"https:\/\/www.marmotte-wanderreisen.de\/Murmel5\/index.php\/wp-json\/wp\/v2\/comments?post=8"}],"version-history":[{"count":12,"href":"https:\/\/www.marmotte-wanderreisen.de\/Murmel5\/index.php\/wp-json\/wp\/v2\/pages\/8\/revisions"}],"predecessor-version":[{"id":762,"href":"https:\/\/www.marmotte-wanderreisen.de\/Murmel5\/index.php\/wp-json\/wp\/v2\/pages\/8\/revisions\/762"}],"wp:attachment":[{"href":"https:\/\/www.marmotte-wanderreisen.de\/Murmel5\/index.php\/wp-json\/wp\/v2\/media?parent=8"}],"curies":[{"name":"wp","href":"https:\/\/api.w.org\/{rel}","templated":true}]}}